{"id":9855,"date":"2025-04-16T10:55:52","date_gmt":"2025-04-16T10:55:52","guid":{"rendered":"https:\/\/ai.cibeles.net\/informativa-sulla-privacy\/"},"modified":"2025-04-16T11:09:58","modified_gmt":"2025-04-16T11:09:58","slug":"informativa-sulla-privacy","status":"publish","type":"page","link":"https:\/\/ai.cibeles.net\/it\/informativa-sulla-privacy\/","title":{"rendered":"Informativa sulla privacy"},"content":{"rendered":"\t\t<div data-elementor-type=\"wp-page\" data-elementor-id=\"9855\" class=\"elementor elementor-9855 elementor-9836\" data-elementor-post-type=\"page\">\n\t\t\t\t<div class=\"elementor-element elementor-element-007b595 e-flex e-con-boxed e-con e-parent\" data-id=\"007b595\" data-element_type=\"container\" data-e-type=\"container\">\n\t\t\t\t\t<div class=\"e-con-inner\">\n\t\t\t\t<div class=\"elementor-element elementor-element-1fe9fc6 elementor-widget-divider--view-line elementor-widget elementor-widget-divider\" data-id=\"1fe9fc6\" data-element_type=\"widget\" data-e-type=\"widget\" data-widget_type=\"divider.default\">\n\t\t\t\t<div class=\"elementor-widget-container\">\n\t\t\t\t\t\t\t<div class=\"elementor-divider\">\n\t\t\t<span class=\"elementor-divider-separator\">\n\t\t\t\t\t\t<\/span>\n\t\t<\/div>\n\t\t\t\t\t\t<\/div>\n\t\t\t\t<\/div>\n\t\t\t\t\t<\/div>\n\t\t\t\t<\/div>\n\t\t<div class=\"elementor-element elementor-element-7e83cf6 e-flex e-con-boxed e-con e-parent\" data-id=\"7e83cf6\" data-element_type=\"container\" data-e-type=\"container\">\n\t\t\t\t\t<div class=\"e-con-inner\">\n\t\t\t\t<div class=\"elementor-element elementor-element-b23457b elementor-widget elementor-widget-heading\" data-id=\"b23457b\" data-element_type=\"widget\" data-e-type=\"widget\" data-widget_type=\"heading.default\">\n\t\t\t\t<div class=\"elementor-widget-container\">\n\t\t\t\t\t<h2 class=\"elementor-heading-title elementor-size-default\">Informativa sulla privacy\n<\/h2>\t\t\t\t<\/div>\n\t\t\t\t<\/div>\n\t\t\t\t<div class=\"elementor-element elementor-element-e13f2d1 elementor-widget elementor-widget-text-editor\" data-id=\"e13f2d1\" data-element_type=\"widget\" data-e-type=\"widget\" data-widget_type=\"text-editor.default\">\n\t\t\t\t<div class=\"elementor-widget-container\">\n\t\t\t\t\t\t\t\t\t<h4 data-start=\"347\" data-end=\"379\">1. INFORMATIVA SULLA PRIVACY<\/h4><BR\/h4>\n<h3 data-start=\"381\" data-end=\"430\">Identit\u00e0 del responsabile del trattamento<\/h3>\n<p data-start=\"432\" data-end=\"490\"><strong data-start=\"432\" data-end=\"475\">CIBELES.NET (&#8220;File Controller&#8221;)<\/strong>, con sede in:<\/p>\n\n<ul data-start=\"491\" data-end=\"716\">\n \t<li data-start=\"491\" data-end=\"551\">\n<p data-start=\"493\" data-end=\"551\"><strong data-start=\"493\" data-end=\"503\">Madrid<\/strong>: Calle Fernando el Cat\u00f3lico 13 bis, ufficio 5<\/p>\n<\/li>\n \t<li data-start=\"552\" data-end=\"716\">\n<p data-start=\"554\" data-end=\"716\"><strong data-start=\"554\" data-end=\"566\">Valencia<\/strong>: Calle Poeta Vicente Gaos 3, Bajo Telefono: +34 91 187 74 04 Email: <a rel=\"noopener\" data-start=\"639\" data-end=\"658\">soporte@cibeles.net<\/a> Sito web: <a href=\"https:\/\/www.cibeles.net\" target=\"_new\" rel=\"noopener\" data-start=\"672\" data-end=\"714\">www.cibeles.net<\/a><\/p>\n<\/li>\n<\/ul>\n<p data-start=\"718\" data-end=\"1065\">In conformit\u00e0 alla legislazione sulla protezione dei dati personali e a qualsiasi altra normativa in vigore, l&#8217;utente \u00e8 informato che i dati personali forniti, se del caso, saranno incorporati in un file automatizzato, che sar\u00e0 utilizzato esclusivamente per gli scopi descritti nel modulo o nel contratto corrispondente.<\/p>\n\n<h3 data-start=\"1067\" data-end=\"1091\">Abbonamento e acquisto<\/h3>\n<p data-start=\"1093\" data-end=\"1719\">In conformit\u00e0 alla normativa vigente, ti informiamo che i dati personali forniti nei moduli di iscrizione o di acquisto saranno trattati da <strong data-start=\"1244\" data-end=\"1259\">Cibeles.net<\/strong> per offrire i servizi contrattati, nonch\u00e9 per l&#8217;invio di informazioni relative all&#8217;attivit\u00e0 dell&#8217;azienda. Il trattamento si basa sul consenso fornito per la compilazione e l&#8217;invio del modulo e sulla spunta delle apposite caselle di accettazione. I dati saranno conservati per tutto il tempo in cui viene mantenuto il rapporto contrattuale, finch\u00e9 non ne viene richiesta la cancellazione e per il tempo richiesto dagli obblighi di legge, in particolare quelli fiscali.  <\/p>\n\n<h3 data-start=\"1721\" data-end=\"1733\">Contatto<\/h3>\n<p data-start=\"1735\" data-end=\"2056\">I dati personali forniti attraverso il modulo di contatto saranno trattati da <strong data-start=\"1826\" data-end=\"1841\">Cibeles.net<\/strong> al fine di gestire la tua richiesta e inviarti informazioni relative ai nostri servizi, sulla base del tuo consenso. I dati saranno conservati per il tempo strettamente necessario a soddisfare la tua richiesta. <\/p>\n\n<h3 data-start=\"2058\" data-end=\"2072\">Newsletter<\/h3>\n<p data-start=\"2074\" data-end=\"2395\">I dati personali forniti per l&#8217;iscrizione alla Newsletter saranno trattati da <strong data-start=\"2162\" data-end=\"2177\">Cibeles.net<\/strong> per l&#8217;invio di informazioni relative all&#8217;azienda. Il trattamento si basa sul tuo esplicito consenso spuntando l&#8217;apposita casella. I dati saranno conservati fino alla richiesta di cancellazione dell&#8217;iscrizione.  <\/p>\n\n<h3 data-start=\"2402\" data-end=\"2439\">Per tutti i trattamenti<\/h3>\n<p data-start=\"2441\" data-end=\"2816\"><strong data-start=\"2441\" data-end=\"2477\">Comunicazione dei dati a terzi<\/strong> Nessun dato sar\u00e0 trasferito a terzi, a meno che non sia richiesto dalla legge. Tuttavia, <strong data-start=\"2548\" data-end=\"2563\">Cibeles.net<\/strong> potrebbe incaricare dei fornitori di agire come responsabili del trattamento (ad esempio servizi di hosting, consulenza, ecc.) per garantire il corretto funzionamento del servizio. In tutti i casi, verranno sottoscritti i contratti previsti dalla legge.  <\/p>\n<p data-start=\"2818\" data-end=\"3263\"><strong data-start=\"2818\" data-end=\"2843\">Esercitare i tuoi diritti<\/strong> Puoi esercitare i tuoi diritti di accesso, rettifica, cancellazione, opposizione, limitazione del trattamento e portabilit\u00e0, nonch\u00e9 revocare il tuo consenso, scrivendo a <strong data-start=\"3020\" data-end=\"3043\"><a rel=\"noopener\" data-start=\"3022\" data-end=\"3041\">soporte@cibeles.net<\/a><\/strong>. Dovrai indicare il tuo nome e cognome, l&#8217;indirizzo, il diritto che desideri esercitare e la richiesta specifica. Se non ricevi una risposta soddisfacente, puoi contattare l&#8217;Agenzia spagnola per la protezione dei dati personali: <a href=\"http:\/\/www.aepd.es\" target=\"_new\" rel=\"noopener\" data-start=\"3251\" data-end=\"3262\">www.aepd.es.<\/a>  <\/p>\n<p data-start=\"3265\" data-end=\"3479\"><strong data-start=\"3265\" data-end=\"3295\">Manutenzione dei dati<\/strong> L&#8217;utente si impegna a mantenere aggiornati i propri dati. \u00c8 responsabile dei danni che <strong data-start=\"3392\" data-end=\"3407\">Cibeles.net<\/strong> o terzi potrebbero subire fornendo dati falsi o inesatti. <\/p>\n<p data-start=\"3481\" data-end=\"3768\"><strong data-start=\"3481\" data-end=\"3507\">Sicurezza dei dati<\/strong> <strong data-start=\"3510\" data-end=\"3525\">Cibeles.net<\/strong> ha adottato misure tecniche e organizzative per garantire la sicurezza dei dati personali e prevenirne la perdita, l&#8217;uso improprio o l&#8217;accesso non autorizzato. Tuttavia, l&#8217;utente riconosce che Internet non pu\u00f2 garantire una sicurezza assoluta. <\/p>\n<p data-start=\"3770\" data-end=\"3972\"><strong data-start=\"3770\" data-end=\"3812\">Validit\u00e0 e modifica della polizza<\/strong> La presente polizza \u00e8 in vigore dalla data di pubblicazione. <strong data-start=\"3874\" data-end=\"3889\">Cibeles.net<\/strong> potr\u00e0 modificarla in qualsiasi momento, dandone debita comunicazione sul sito web.<\/p>\n\n<h4 data-start=\"3979\" data-end=\"4004\">2. POLITICA COOKIE<\/h4>\n<p data-start=\"4006\" data-end=\"4181\">Un cookie \u00e8 un file che viene scaricato sul dispositivo dell&#8217;utente quando accede a determinate pagine web. Viene utilizzato per memorizzare e recuperare informazioni sulla navigazione dell&#8217;utente. <\/p>\n<p data-start=\"4183\" data-end=\"4230\"><strong data-start=\"4183\" data-end=\"4198\">Cibeles.net<\/strong> utilizza i seguenti cookie:<\/p>\n\n<ul data-start=\"4232\" data-end=\"4579\">\n \t<li data-start=\"4232\" data-end=\"4388\">\n<p data-start=\"4234\" data-end=\"4388\"><strong data-start=\"4234\" data-end=\"4270\">Cookie strettamente necessari<\/strong>: per la fornitura dei servizi richiesti. Se vengono disattivati, alcuni contenuti potrebbero non essere visualizzati correttamente. <\/p>\n<\/li>\n \t<li data-start=\"4389\" data-end=\"4579\">\n<p data-start=\"4391\" data-end=\"4579\"><strong data-start=\"4391\" data-end=\"4429\">Cookie analitici e pubblicitari<\/strong>: consentono l&#8217;analisi statistica del comportamento degli utenti e la gestione degli spazi pubblicitari in base ai profili e alla frequenza di visualizzazione.<\/p>\n<\/li>\n<\/ul>\n<p data-start=\"4581\" data-end=\"4754\"><strong data-start=\"4581\" data-end=\"4588\">(*)<\/strong> Le informazioni ottenute attraverso i cookie non saranno combinate con i dati personali. <strong data-start=\"4670\" data-end=\"4675\">(<\/strong>)** L&#8217;utente pu\u00f2 gestire o disattivare i cookie attraverso il proprio browser:<\/p>\n\n<ul data-start=\"4755\" data-end=\"5210\">\n \t<li data-start=\"4755\" data-end=\"4847\">\n<p data-start=\"4757\" data-end=\"4847\">Chrome: <a href=\"https:\/\/support.google.com\/chrome\/bin\/answer.py?hl=es&amp;answer=95647\" target=\"_new\" rel=\"noopener\" data-start=\"4765\" data-end=\"4845\">Guida a Chrome<\/a><\/p>\n<\/li>\n \t<li data-start=\"4848\" data-end=\"4960\">\n<p data-start=\"4850\" data-end=\"4960\">Firefox: <a href=\"http:\/\/support.mozilla.org\/es\/kb\/habilitar-y-deshabilitar-cookies-que-los-sitios-we\" target=\"_new\" rel=\"noopener\" data-start=\"4859\" data-end=\"4958\">Guida di Firefox<\/a><\/p>\n<\/li>\n \t<li data-start=\"4961\" data-end=\"5074\">\n<p data-start=\"4963\" data-end=\"5074\">Explorer: <a href=\"http:\/\/windows.microsoft.com\/es-es\/windows7\/how-to-manage-cookies-in-internet-explorer-9\" target=\"_new\" rel=\"noopener\" data-start=\"4973\" data-end=\"5072\">Guida IE<\/a><\/p>\n<\/li>\n \t<li data-start=\"5075\" data-end=\"5210\">\n<p data-start=\"5077\" data-end=\"5210\">Safari: <a href=\"http:\/\/support.apple.com\/kb\/ph5042\" target=\"_new\" rel=\"noopener\" data-start=\"5085\" data-end=\"5134\">Guida di Safari<\/a> Puoi anche utilizzare strumenti come <a href=\"http:\/\/www.ghostery.com\" target=\"_new\" rel=\"noopener\" data-start=\"5174\" data-end=\"5209\">Ghostery<\/a>.<\/p>\n<\/li>\n<\/ul>\n<p data-start=\"5212\" data-end=\"5330\"><strong data-start=\"5212\" data-end=\"5227\">Cibeles.net<\/strong> non \u00e8 responsabile del contenuto o dell&#8217;accuratezza delle politiche sulla privacy dei cookie di terze parti.<\/p>\n<p data-start=\"5332\" data-end=\"5459\"><strong data-start=\"5332\" data-end=\"5354\">La disabilitazione dei cookie<\/strong> pu\u00f2 compromettere il funzionamento del portale. Per qualsiasi domanda, puoi contattarci all&#8217;indirizzo <strong data-start=\"5436\" data-end=\"5459\"><a rel=\"noopener\" data-start=\"5438\" data-end=\"5457\">soporte@cibeles.net<\/a><\/strong> <\/p>\t\t\t\t\t\t\t\t<\/div>\n\t\t\t\t<\/div>\n\t\t\t\t\t<\/div>\n\t\t\t\t<\/div>\n\t\t\t\t<\/div>\n\t\t","protected":false},"excerpt":{"rendered":"<p>Informativa sulla privacy 1. INFORMATIVA SULLA PRIVACY Identit\u00e0 del responsabile del trattamento CIBELES.NET (&#8220;File Controller&#8221;), con sede in: Madrid: Calle Fernando el Cat\u00f3lico 13 bis, ufficio 5 Valencia: Calle Poeta Vicente Gaos 3, Bajo Telefono: +34 91 187 74 04 Email: soporte@cibeles.net Sito web: www.cibeles.net In conformit\u00e0 alla legislazione sulla protezione dei dati personali e [&hellip;]<\/p>\n","protected":false},"author":1,"featured_media":0,"parent":0,"menu_order":0,"comment_status":"closed","ping_status":"closed","template":"elementor_header_footer","meta":{"_acf_changed":false,"site-sidebar-layout":"no-sidebar","site-content-layout":"page-builder","ast-site-content-layout":"full-width-container","site-content-style":"default","site-sidebar-style":"default","ast-global-header-display":"","ast-banner-title-visibility":"","ast-main-header-display":"","ast-hfb-above-header-display":"","ast-hfb-below-header-display":"","ast-hfb-mobile-header-display":"","site-post-title":"disabled","ast-breadcrumbs-content":"","ast-featured-img":"disabled","footer-sml-layout":"","ast-disable-related-posts":"","theme-transparent-header-meta":"default","adv-header-id-meta":"","stick-header-meta":"","header-above-stick-meta":"","header-main-stick-meta":"","header-below-stick-meta":"","astra-migrate-meta-layouts":"default","ast-page-background-enabled":"default","ast-page-background-meta":{"desktop":{"background-color":"var(--ast-global-color-4)","background-image":"","background-repeat":"repeat","background-position":"center center","background-size":"auto","background-attachment":"scroll","background-type":"","background-media":"","overlay-type":"","overlay-color":"","overlay-opacity":"","overlay-gradient":""},"tablet":{"background-color":"","background-image":"","background-repeat":"repeat","background-position":"center center","background-size":"auto","background-attachment":"scroll","background-type":"","background-media":"","overlay-type":"","overlay-color":"","overlay-opacity":"","overlay-gradient":""},"mobile":{"background-color":"","background-image":"","background-repeat":"repeat","background-position":"center center","background-size":"auto","background-attachment":"scroll","background-type":"","background-media":"","overlay-type":"","overlay-color":"","overlay-opacity":"","overlay-gradient":""}},"ast-content-background-meta":{"desktop":{"background-color":"var(--ast-global-color-5)","background-image":"","background-repeat":"repeat","background-position":"center center","background-size":"auto","background-attachment":"scroll","background-type":"","background-media":"","overlay-type":"","overlay-color":"","overlay-opacity":"","overlay-gradient":""},"tablet":{"background-color":"var(--ast-global-color-5)","background-image":"","background-repeat":"repeat","background-position":"center center","background-size":"auto","background-attachment":"scroll","background-type":"","background-media":"","overlay-type":"","overlay-color":"","overlay-opacity":"","overlay-gradient":""},"mobile":{"background-color":"var(--ast-global-color-5)","background-image":"","background-repeat":"repeat","background-position":"center center","background-size":"auto","background-attachment":"scroll","background-type":"","background-media":"","overlay-type":"","overlay-color":"","overlay-opacity":"","overlay-gradient":""}},"footnotes":""},"class_list":["post-9855","page","type-page","status-publish","hentry"],"acf":[],"yoast_head":"<!-- This site is optimized with the Yoast SEO plugin v27.3 - https:\/\/yoast.com\/product\/yoast-seo-wordpress\/ -->\n<title>Informativa sulla privacy - ai.cibeles.net<\/title>\n<meta name=\"robots\" content=\"index, follow, max-snippet:-1, max-image-preview:large, max-video-preview:-1\" \/>\n<link rel=\"canonical\" href=\"https:\/\/ai.cibeles.net\/it\/informativa-sulla-privacy\/\" \/>\n<meta property=\"og:locale\" content=\"it_IT\" \/>\n<meta property=\"og:type\" content=\"article\" \/>\n<meta property=\"og:title\" content=\"Informativa sulla privacy - ai.cibeles.net\" \/>\n<meta property=\"og:description\" content=\"Informativa sulla privacy 1. INFORMATIVA SULLA PRIVACY Identit\u00e0 del responsabile del trattamento CIBELES.NET (&#8220;File Controller&#8221;), con sede in: Madrid: Calle Fernando el Cat\u00f3lico 13 bis, ufficio 5 Valencia: Calle Poeta Vicente Gaos 3, Bajo Telefono: +34 91 187 74 04 Email: soporte@cibeles.net Sito web: www.cibeles.net In conformit\u00e0 alla legislazione sulla protezione dei dati personali e [&hellip;]\" \/>\n<meta property=\"og:url\" content=\"https:\/\/ai.cibeles.net\/it\/informativa-sulla-privacy\/\" \/>\n<meta property=\"og:site_name\" content=\"ai.cibeles.net\" \/>\n<meta property=\"article:publisher\" content=\"https:\/\/www.facebook.com\/CibelesGroup\" \/>\n<meta property=\"article:modified_time\" content=\"2025-04-16T11:09:58+00:00\" \/>\n<meta name=\"twitter:card\" content=\"summary_large_image\" \/>\n<meta name=\"twitter:site\" content=\"@cibelesnet\" \/>\n<meta name=\"twitter:label1\" content=\"Tempo di lettura stimato\" \/>\n\t<meta name=\"twitter:data1\" content=\"3 minuti\" \/>\n<script type=\"application\/ld+json\" class=\"yoast-schema-graph\">{\"@context\":\"https:\\\/\\\/schema.org\",\"@graph\":[{\"@type\":\"WebPage\",\"@id\":\"https:\\\/\\\/ai.cibeles.net\\\/it\\\/informativa-sulla-privacy\\\/\",\"url\":\"https:\\\/\\\/ai.cibeles.net\\\/it\\\/informativa-sulla-privacy\\\/\",\"name\":\"Informativa sulla privacy - ai.cibeles.net\",\"isPartOf\":{\"@id\":\"https:\\\/\\\/ai.cibeles.net\\\/it\\\/#website\"},\"datePublished\":\"2025-04-16T10:55:52+00:00\",\"dateModified\":\"2025-04-16T11:09:58+00:00\",\"breadcrumb\":{\"@id\":\"https:\\\/\\\/ai.cibeles.net\\\/it\\\/informativa-sulla-privacy\\\/#breadcrumb\"},\"inLanguage\":\"it-IT\",\"potentialAction\":[{\"@type\":\"ReadAction\",\"target\":[\"https:\\\/\\\/ai.cibeles.net\\\/it\\\/informativa-sulla-privacy\\\/\"]}]},{\"@type\":\"BreadcrumbList\",\"@id\":\"https:\\\/\\\/ai.cibeles.net\\\/it\\\/informativa-sulla-privacy\\\/#breadcrumb\",\"itemListElement\":[{\"@type\":\"ListItem\",\"position\":1,\"name\":\"Portada\",\"item\":\"https:\\\/\\\/ai.cibeles.net\\\/it\\\/\"},{\"@type\":\"ListItem\",\"position\":2,\"name\":\"Informativa sulla privacy\"}]},{\"@type\":\"WebSite\",\"@id\":\"https:\\\/\\\/ai.cibeles.net\\\/it\\\/#website\",\"url\":\"https:\\\/\\\/ai.cibeles.net\\\/it\\\/\",\"name\":\"ai.cibeles.net\",\"description\":\"Inteligencia Artificial para redacci\u00f3n de Peri\u00f3dicos\",\"publisher\":{\"@id\":\"https:\\\/\\\/ai.cibeles.net\\\/it\\\/#organization\"},\"potentialAction\":[{\"@type\":\"SearchAction\",\"target\":{\"@type\":\"EntryPoint\",\"urlTemplate\":\"https:\\\/\\\/ai.cibeles.net\\\/it\\\/?s={search_term_string}\"},\"query-input\":{\"@type\":\"PropertyValueSpecification\",\"valueRequired\":true,\"valueName\":\"search_term_string\"}}],\"inLanguage\":\"it-IT\"},{\"@type\":[\"Organization\",\"NewsMediaOrganization\"],\"@id\":\"https:\\\/\\\/ai.cibeles.net\\\/it\\\/#organization\",\"name\":\"Cibeles Group\",\"url\":\"https:\\\/\\\/ai.cibeles.net\\\/it\\\/\",\"logo\":{\"@type\":\"ImageObject\",\"inLanguage\":\"it-IT\",\"@id\":\"https:\\\/\\\/ai.cibeles.net\\\/it\\\/#\\\/schema\\\/logo\\\/image\\\/\",\"url\":\"https:\\\/\\\/ai.cibeles.net\\\/wp-content\\\/uploads\\\/2023\\\/03\\\/Sin-titulo.png\",\"contentUrl\":\"https:\\\/\\\/ai.cibeles.net\\\/wp-content\\\/uploads\\\/2023\\\/03\\\/Sin-titulo.png\",\"width\":336,\"height\":188,\"caption\":\"Cibeles Group\"},\"image\":{\"@id\":\"https:\\\/\\\/ai.cibeles.net\\\/it\\\/#\\\/schema\\\/logo\\\/image\\\/\"},\"sameAs\":[\"https:\\\/\\\/www.facebook.com\\\/CibelesGroup\",\"https:\\\/\\\/x.com\\\/cibelesnet\"]},{\"@type\":\"SiteNavigationElement\",\"@id\":\"https:\\\/\\\/ai.cibeles.net\\\/it\\\/#site-navigation\",\"cssSelector\":[\".cib-main-menu\"]},{\"@type\":\"WPHeader\",\"@id\":\"https:\\\/\\\/ai.cibeles.net\\\/it\\\/#header\",\"cssSelector\":[\".cib-header\"]},{\"@type\":\"WPFooter\",\"@id\":\"https:\\\/\\\/ai.cibeles.net\\\/it\\\/#footer\",\"cssSelector\":[\".cib-footer\"]}]}<\/script>\n<!-- \/ Yoast SEO plugin. -->","yoast_head_json":{"title":"Informativa sulla privacy - ai.cibeles.net","robots":{"index":"index","follow":"follow","max-snippet":"max-snippet:-1","max-image-preview":"max-image-preview:large","max-video-preview":"max-video-preview:-1"},"canonical":"https:\/\/ai.cibeles.net\/it\/informativa-sulla-privacy\/","og_locale":"it_IT","og_type":"article","og_title":"Informativa sulla privacy - ai.cibeles.net","og_description":"Informativa sulla privacy 1. INFORMATIVA SULLA PRIVACY Identit\u00e0 del responsabile del trattamento CIBELES.NET (&#8220;File Controller&#8221;), con sede in: Madrid: Calle Fernando el Cat\u00f3lico 13 bis, ufficio 5 Valencia: Calle Poeta Vicente Gaos 3, Bajo Telefono: +34 91 187 74 04 Email: soporte@cibeles.net Sito web: www.cibeles.net In conformit\u00e0 alla legislazione sulla protezione dei dati personali e [&hellip;]","og_url":"https:\/\/ai.cibeles.net\/it\/informativa-sulla-privacy\/","og_site_name":"ai.cibeles.net","article_publisher":"https:\/\/www.facebook.com\/CibelesGroup","article_modified_time":"2025-04-16T11:09:58+00:00","twitter_card":"summary_large_image","twitter_site":"@cibelesnet","twitter_misc":{"Tempo di lettura stimato":"3 minuti"},"schema":{"@context":"https:\/\/schema.org","@graph":[{"@type":"WebPage","@id":"https:\/\/ai.cibeles.net\/it\/informativa-sulla-privacy\/","url":"https:\/\/ai.cibeles.net\/it\/informativa-sulla-privacy\/","name":"Informativa sulla privacy - ai.cibeles.net","isPartOf":{"@id":"https:\/\/ai.cibeles.net\/it\/#website"},"datePublished":"2025-04-16T10:55:52+00:00","dateModified":"2025-04-16T11:09:58+00:00","breadcrumb":{"@id":"https:\/\/ai.cibeles.net\/it\/informativa-sulla-privacy\/#breadcrumb"},"inLanguage":"it-IT","potentialAction":[{"@type":"ReadAction","target":["https:\/\/ai.cibeles.net\/it\/informativa-sulla-privacy\/"]}]},{"@type":"BreadcrumbList","@id":"https:\/\/ai.cibeles.net\/it\/informativa-sulla-privacy\/#breadcrumb","itemListElement":[{"@type":"ListItem","position":1,"name":"Portada","item":"https:\/\/ai.cibeles.net\/it\/"},{"@type":"ListItem","position":2,"name":"Informativa sulla privacy"}]},{"@type":"WebSite","@id":"https:\/\/ai.cibeles.net\/it\/#website","url":"https:\/\/ai.cibeles.net\/it\/","name":"ai.cibeles.net","description":"Inteligencia Artificial para redacci\u00f3n de Peri\u00f3dicos","publisher":{"@id":"https:\/\/ai.cibeles.net\/it\/#organization"},"potentialAction":[{"@type":"SearchAction","target":{"@type":"EntryPoint","urlTemplate":"https:\/\/ai.cibeles.net\/it\/?s={search_term_string}"},"query-input":{"@type":"PropertyValueSpecification","valueRequired":true,"valueName":"search_term_string"}}],"inLanguage":"it-IT"},{"@type":["Organization","NewsMediaOrganization"],"@id":"https:\/\/ai.cibeles.net\/it\/#organization","name":"Cibeles Group","url":"https:\/\/ai.cibeles.net\/it\/","logo":{"@type":"ImageObject","inLanguage":"it-IT","@id":"https:\/\/ai.cibeles.net\/it\/#\/schema\/logo\/image\/","url":"https:\/\/ai.cibeles.net\/wp-content\/uploads\/2023\/03\/Sin-titulo.png","contentUrl":"https:\/\/ai.cibeles.net\/wp-content\/uploads\/2023\/03\/Sin-titulo.png","width":336,"height":188,"caption":"Cibeles Group"},"image":{"@id":"https:\/\/ai.cibeles.net\/it\/#\/schema\/logo\/image\/"},"sameAs":["https:\/\/www.facebook.com\/CibelesGroup","https:\/\/x.com\/cibelesnet"]},{"@type":"SiteNavigationElement","@id":"https:\/\/ai.cibeles.net\/it\/#site-navigation","cssSelector":[".cib-main-menu"]},{"@type":"WPHeader","@id":"https:\/\/ai.cibeles.net\/it\/#header","cssSelector":[".cib-header"]},{"@type":"WPFooter","@id":"https:\/\/ai.cibeles.net\/it\/#footer","cssSelector":[".cib-footer"]}]}},"_links":{"self":[{"href":"https:\/\/ai.cibeles.net\/it\/wp-json\/wp\/v2\/pages\/9855","targetHints":{"allow":["GET"]}}],"collection":[{"href":"https:\/\/ai.cibeles.net\/it\/wp-json\/wp\/v2\/pages"}],"about":[{"href":"https:\/\/ai.cibeles.net\/it\/wp-json\/wp\/v2\/types\/page"}],"author":[{"embeddable":true,"href":"https:\/\/ai.cibeles.net\/it\/wp-json\/wp\/v2\/users\/1"}],"replies":[{"embeddable":true,"href":"https:\/\/ai.cibeles.net\/it\/wp-json\/wp\/v2\/comments?post=9855"}],"version-history":[{"count":1,"href":"https:\/\/ai.cibeles.net\/it\/wp-json\/wp\/v2\/pages\/9855\/revisions"}],"predecessor-version":[{"id":9857,"href":"https:\/\/ai.cibeles.net\/it\/wp-json\/wp\/v2\/pages\/9855\/revisions\/9857"}],"wp:attachment":[{"href":"https:\/\/ai.cibeles.net\/it\/wp-json\/wp\/v2\/media?parent=9855"}],"curies":[{"name":"wp","href":"https:\/\/api.w.org\/{rel}","templated":true}]}}