{"id":9863,"date":"2025-04-16T10:55:52","date_gmt":"2025-04-16T10:55:52","guid":{"rendered":"https:\/\/ai.cibeles.net\/politique-de-confidentialite\/"},"modified":"2025-04-16T11:11:12","modified_gmt":"2025-04-16T11:11:12","slug":"politique-de-confidentialite","status":"publish","type":"page","link":"https:\/\/ai.cibeles.net\/fr\/politique-de-confidentialite\/","title":{"rendered":"Politique de confidentialit\u00e9"},"content":{"rendered":"\t\t<div data-elementor-type=\"wp-page\" data-elementor-id=\"9863\" class=\"elementor elementor-9863 elementor-9836\" data-elementor-post-type=\"page\">\n\t\t\t\t<div class=\"elementor-element elementor-element-007b595 e-flex e-con-boxed e-con e-parent\" data-id=\"007b595\" data-element_type=\"container\" data-e-type=\"container\">\n\t\t\t\t\t<div class=\"e-con-inner\">\n\t\t\t\t<div class=\"elementor-element elementor-element-1fe9fc6 elementor-widget-divider--view-line elementor-widget elementor-widget-divider\" data-id=\"1fe9fc6\" data-element_type=\"widget\" data-e-type=\"widget\" data-widget_type=\"divider.default\">\n\t\t\t\t<div class=\"elementor-widget-container\">\n\t\t\t\t\t\t\t<div class=\"elementor-divider\">\n\t\t\t<span class=\"elementor-divider-separator\">\n\t\t\t\t\t\t<\/span>\n\t\t<\/div>\n\t\t\t\t\t\t<\/div>\n\t\t\t\t<\/div>\n\t\t\t\t\t<\/div>\n\t\t\t\t<\/div>\n\t\t<div class=\"elementor-element elementor-element-7e83cf6 e-flex e-con-boxed e-con e-parent\" data-id=\"7e83cf6\" data-element_type=\"container\" data-e-type=\"container\">\n\t\t\t\t\t<div class=\"e-con-inner\">\n\t\t\t\t<div class=\"elementor-element elementor-element-b23457b elementor-widget elementor-widget-heading\" data-id=\"b23457b\" data-element_type=\"widget\" data-e-type=\"widget\" data-widget_type=\"heading.default\">\n\t\t\t\t<div class=\"elementor-widget-container\">\n\t\t\t\t\t<h2 class=\"elementor-heading-title elementor-size-default\">Politique de confidentialit\u00e9\n<\/h2>\t\t\t\t<\/div>\n\t\t\t\t<\/div>\n\t\t\t\t<div class=\"elementor-element elementor-element-e13f2d1 elementor-widget elementor-widget-text-editor\" data-id=\"e13f2d1\" data-element_type=\"widget\" data-e-type=\"widget\" data-widget_type=\"text-editor.default\">\n\t\t\t\t<div class=\"elementor-widget-container\">\n\t\t\t\t\t\t\t\t\t<h4 data-start=\"347\" data-end=\"379\">1. POLITIQUE DE CONFIDENTIALIT\u00c9 SUR LE WEB<\/h4><BR\/h4>\n<h3 data-start=\"381\" data-end=\"430\">Identit\u00e9 du responsable du traitement<\/h3>\n<p data-start=\"432\" data-end=\"490\"><strong data-start=\"432\" data-end=\"475\">CIBELES.NET (\u00ab\u00a0Contr\u00f4leur de fichiers\u00a0\u00bb)<\/strong>, dont les bureaux se trouvent \u00e0 l&rsquo;adresse suivante :<\/p>\n\n<ul data-start=\"491\" data-end=\"716\">\n \t<li data-start=\"491\" data-end=\"551\">\n<p data-start=\"493\" data-end=\"551\"><strong data-start=\"493\" data-end=\"503\">Madrid<\/strong>: Calle Fernando el Cat\u00f3lico 13 bis, bureau 5<\/p>\n<\/li>\n \t<li data-start=\"552\" data-end=\"716\">\n<p data-start=\"554\" data-end=\"716\"><strong data-start=\"554\" data-end=\"566\">Valence<\/strong>: Calle Poeta Vicente Gaos 3, Bajo T\u00e9l\u00e9phone : +34 91 187 74 04 Courriel : <a rel=\"noopener\" data-start=\"639\" data-end=\"658\">soporte@cibeles.net<\/a> Site web : <a href=\"https:\/\/www.cibeles.net\" target=\"_new\" rel=\"noopener\" data-start=\"672\" data-end=\"714\">www.cibeles.net<\/a><\/p>\n<\/li>\n<\/ul>\n<p data-start=\"718\" data-end=\"1065\">Conform\u00e9ment \u00e0 la l\u00e9gislation sur la protection des donn\u00e9es personnelles et \u00e0 toute autre r\u00e9glementation en vigueur, l&rsquo;utilisateur est inform\u00e9 que les donn\u00e9es personnelles fournies, le cas \u00e9ch\u00e9ant, seront incorpor\u00e9es dans un fichier automatis\u00e9, qui sera utilis\u00e9 uniquement aux fins d\u00e9crites dans le formulaire ou le contrat correspondant.<\/p>\n\n<h3 data-start=\"1067\" data-end=\"1091\">Souscription et achat<\/h3>\n<p data-start=\"1093\" data-end=\"1719\">Conform\u00e9ment \u00e0 la l\u00e9gislation en vigueur, nous vous informons que les donn\u00e9es personnelles fournies dans les formulaires de souscription ou d&rsquo;achat seront trait\u00e9es par <strong data-start=\"1244\" data-end=\"1259\">Cibeles.net<\/strong> pour offrir les services contract\u00e9s, ainsi que pour l&rsquo;envoi d&rsquo;informations relatives \u00e0 l&rsquo;activit\u00e9 de l&rsquo;entreprise. Le traitement est bas\u00e9 sur le consentement donn\u00e9 en remplissant et en envoyant le formulaire et en cochant les cases d&rsquo;acceptation appropri\u00e9es. Les donn\u00e9es seront conserv\u00e9es tant que la relation contractuelle est maintenue, tant que leur suppression n&rsquo;est pas demand\u00e9e et pendant la dur\u00e9e requise par les obligations l\u00e9gales, en particulier les obligations fiscales.  <\/p>\n\n<h3 data-start=\"1721\" data-end=\"1733\">Contact<\/h3>\n<p data-start=\"1735\" data-end=\"2056\">Les donn\u00e9es personnelles fournies par le biais du formulaire de contact seront trait\u00e9es par <strong data-start=\"1826\" data-end=\"1841\">Cibeles.net<\/strong> afin de g\u00e9rer votre demande et de vous envoyer des informations relatives \u00e0 nos services, sur la base de votre consentement. Les donn\u00e9es seront conserv\u00e9es pendant la p\u00e9riode strictement n\u00e9cessaire pour r\u00e9pondre \u00e0 votre demande. <\/p>\n\n<h3 data-start=\"2058\" data-end=\"2072\">Bulletin d&rsquo;information<\/h3>\n<p data-start=\"2074\" data-end=\"2395\">Les donn\u00e9es personnelles fournies pour l&rsquo;inscription \u00e0 la Newsletter seront trait\u00e9es par <strong data-start=\"2162\" data-end=\"2177\">Cibeles.net<\/strong> pour l&rsquo;envoi d&rsquo;informations relatives \u00e0 l&rsquo;entreprise. Le traitement est bas\u00e9 sur votre consentement explicite en cochant la case appropri\u00e9e. Les donn\u00e9es seront conserv\u00e9es jusqu&rsquo;\u00e0 ce que vous demandiez votre d\u00e9sinscription.  <\/p>\n\n<h3 data-start=\"2402\" data-end=\"2439\">Pour tous les traitements<\/h3>\n<p data-start=\"2441\" data-end=\"2816\"><strong data-start=\"2441\" data-end=\"2477\">Communication de donn\u00e9es \u00e0 des tiers<\/strong> Aucune donn\u00e9e ne sera transf\u00e9r\u00e9e \u00e0 des tiers, sauf obligation l\u00e9gale. Cependant, <strong data-start=\"2548\" data-end=\"2563\">Cibeles.net<\/strong> peut engager des fournisseurs pour agir en tant que sous-traitants (par exemple, services d&rsquo;h\u00e9bergement, conseil, etc.) afin d&rsquo;assurer le bon fonctionnement du service. Dans tous les cas, les contrats requis par la loi seront sign\u00e9s.  <\/p>\n<p data-start=\"2818\" data-end=\"3263\"><strong data-start=\"2818\" data-end=\"2843\">Exercice de vos droits<\/strong> Vous pouvez exercer vos droits d&rsquo;acc\u00e8s, de rectification, d&rsquo;effacement, d&rsquo;opposition, de limitation du traitement et de portabilit\u00e9, ainsi que retirer votre consentement, en \u00e9crivant \u00e0 l&rsquo;adresse suivante <strong data-start=\"3020\" data-end=\"3043\"><a rel=\"noopener\" data-start=\"3022\" data-end=\"3041\">soporte@cibeles.net<\/a><\/strong>. Vous devez indiquer votre nom complet, votre adresse, le droit que vous souhaitez exercer et la demande sp\u00e9cifique. Si vous ne recevez pas de r\u00e9ponse satisfaisante, vous pouvez contacter l&rsquo;Agence espagnole de protection des donn\u00e9es : <a href=\"http:\/\/www.aepd.es\" target=\"_new\" rel=\"noopener\" data-start=\"3251\" data-end=\"3262\">www.aepd.es.<\/a>  <\/p>\n<p data-start=\"3265\" data-end=\"3479\"><strong data-start=\"3265\" data-end=\"3295\">Maintenance des donn\u00e9es<\/strong> L&rsquo;utilisateur s&rsquo;engage \u00e0 maintenir ses donn\u00e9es \u00e0 jour. \u00eatre responsable des dommages que <strong data-start=\"3392\" data-end=\"3407\">Cibeles.net<\/strong> ou des tiers pourraient subir en fournissant des donn\u00e9es fausses ou inexactes. <\/p>\n<p data-start=\"3481\" data-end=\"3768\"><strong data-start=\"3481\" data-end=\"3507\">S\u00e9curit\u00e9 des donn\u00e9es<\/strong> <strong data-start=\"3510\" data-end=\"3525\">Cibeles.net<\/strong> a adopt\u00e9 des mesures techniques et organisationnelles pour assurer la s\u00e9curit\u00e9 des donn\u00e9es personnelles et pr\u00e9venir la perte, l&rsquo;utilisation abusive ou l&rsquo;acc\u00e8s non autoris\u00e9. Toutefois, l&rsquo;utilisateur reconna\u00eet qu&rsquo;Internet ne peut garantir une s\u00e9curit\u00e9 absolue. <\/p>\n<p data-start=\"3770\" data-end=\"3972\"><strong data-start=\"3770\" data-end=\"3812\">Validit\u00e9 et modification de la police<\/strong> Cette police est en vigueur \u00e0 partir de la date de publication. <strong data-start=\"3874\" data-end=\"3889\">Cibeles.net<\/strong> peut la modifier \u00e0 tout moment, en le notifiant d\u00fbment sur le site web.<\/p>\n\n<h4 data-start=\"3979\" data-end=\"4004\">2. POLITIQUE EN MATI\u00c8RE DE COOKIES<\/h4>\n<p data-start=\"4006\" data-end=\"4181\">Un cookie est un fichier qui est t\u00e9l\u00e9charg\u00e9 sur l&rsquo;appareil de l&rsquo;utilisateur lorsqu&rsquo;il acc\u00e8de \u00e0 certaines pages web. Il est utilis\u00e9 pour stocker et r\u00e9cup\u00e9rer des informations sur votre navigation. <\/p>\n<p data-start=\"4183\" data-end=\"4230\"><strong data-start=\"4183\" data-end=\"4198\">Cibeles.net<\/strong> utilise les cookies suivants :<\/p>\n\n<ul data-start=\"4232\" data-end=\"4579\">\n \t<li data-start=\"4232\" data-end=\"4388\">\n<p data-start=\"4234\" data-end=\"4388\"><strong data-start=\"4234\" data-end=\"4270\">Cookies strictement n\u00e9cessaires<\/strong>: pour la fourniture des services demand\u00e9s. S&rsquo;ils sont d\u00e9sactiv\u00e9s, certains contenus peuvent ne pas s&rsquo;afficher correctement. <\/p>\n<\/li>\n \t<li data-start=\"4389\" data-end=\"4579\">\n<p data-start=\"4391\" data-end=\"4579\"><strong data-start=\"4391\" data-end=\"4429\">Cookies analytiques et publicitaires<\/strong>: ils permettent l&rsquo;analyse statistique du comportement des utilisateurs et la gestion des espaces publicitaires en fonction des profils et de la fr\u00e9quence de consultation.<\/p>\n<\/li>\n<\/ul>\n<p data-start=\"4581\" data-end=\"4754\"><strong data-start=\"4581\" data-end=\"4588\">(*)<\/strong> Les informations obtenues par le biais des cookies ne seront pas associ\u00e9es \u00e0 des donn\u00e9es personnelles. <strong data-start=\"4670\" data-end=\"4675\">(<\/strong>)** L&rsquo;utilisateur peut g\u00e9rer ou d\u00e9sactiver les cookies par le biais de son navigateur :<\/p>\n\n<ul data-start=\"4755\" data-end=\"5210\">\n \t<li data-start=\"4755\" data-end=\"4847\">\n<p data-start=\"4757\" data-end=\"4847\">Chrome : <a href=\"https:\/\/support.google.com\/chrome\/bin\/answer.py?hl=es&amp;answer=95647\" target=\"_new\" rel=\"noopener\" data-start=\"4765\" data-end=\"4845\">Guide Chrome<\/a><\/p>\n<\/li>\n \t<li data-start=\"4848\" data-end=\"4960\">\n<p data-start=\"4850\" data-end=\"4960\">Firefox : <a href=\"http:\/\/support.mozilla.org\/es\/kb\/habilitar-y-deshabilitar-cookies-que-los-sitios-we\" target=\"_new\" rel=\"noopener\" data-start=\"4859\" data-end=\"4958\">Guide Firefox<\/a><\/p>\n<\/li>\n \t<li data-start=\"4961\" data-end=\"5074\">\n<p data-start=\"4963\" data-end=\"5074\">Explorer : <a href=\"http:\/\/windows.microsoft.com\/es-es\/windows7\/how-to-manage-cookies-in-internet-explorer-9\" target=\"_new\" rel=\"noopener\" data-start=\"4973\" data-end=\"5072\">Guide IE<\/a><\/p>\n<\/li>\n \t<li data-start=\"5075\" data-end=\"5210\">\n<p data-start=\"5077\" data-end=\"5210\">Safari : <a href=\"http:\/\/support.apple.com\/kb\/ph5042\" target=\"_new\" rel=\"noopener\" data-start=\"5085\" data-end=\"5134\">Guide Safari<\/a> Vous pouvez \u00e9galement utiliser des outils tels que <a href=\"http:\/\/www.ghostery.com\" target=\"_new\" rel=\"noopener\" data-start=\"5174\" data-end=\"5209\">Ghostery<\/a>.<\/p>\n<\/li>\n<\/ul>\n<p data-start=\"5212\" data-end=\"5330\"><strong data-start=\"5212\" data-end=\"5227\">Cibeles.net<\/strong> n&rsquo;est pas responsable du contenu ou de l&rsquo;exactitude des politiques de confidentialit\u00e9 des cookies de tiers.<\/p>\n<p data-start=\"5332\" data-end=\"5459\">La <strong data-start=\"5332\" data-end=\"5354\">d\u00e9sactivation des cookies<\/strong> peut affecter le fonctionnement du portail. Si vous avez des questions, vous pouvez nous contacter \u00e0 l&rsquo;adresse suivante <strong data-start=\"5436\" data-end=\"5459\"><a rel=\"noopener\" data-start=\"5438\" data-end=\"5457\">soporte@cibeles.net<\/a><\/strong> <\/p>\t\t\t\t\t\t\t\t<\/div>\n\t\t\t\t<\/div>\n\t\t\t\t\t<\/div>\n\t\t\t\t<\/div>\n\t\t\t\t<\/div>\n\t\t","protected":false},"excerpt":{"rendered":"<p>Politique de confidentialit\u00e9 1. POLITIQUE DE CONFIDENTIALIT\u00c9 SUR LE WEB Identit\u00e9 du responsable du traitement CIBELES.NET (\u00ab\u00a0Contr\u00f4leur de fichiers\u00a0\u00bb), dont les bureaux se trouvent \u00e0 l&rsquo;adresse suivante : Madrid: Calle Fernando el Cat\u00f3lico 13 bis, bureau 5 Valence: Calle Poeta Vicente Gaos 3, Bajo T\u00e9l\u00e9phone : +34 91 187 74 04 Courriel : soporte@cibeles.net Site [&hellip;]<\/p>\n","protected":false},"author":1,"featured_media":0,"parent":0,"menu_order":0,"comment_status":"closed","ping_status":"closed","template":"elementor_header_footer","meta":{"_acf_changed":false,"site-sidebar-layout":"no-sidebar","site-content-layout":"page-builder","ast-site-content-layout":"full-width-container","site-content-style":"default","site-sidebar-style":"default","ast-global-header-display":"","ast-banner-title-visibility":"","ast-main-header-display":"","ast-hfb-above-header-display":"","ast-hfb-below-header-display":"","ast-hfb-mobile-header-display":"","site-post-title":"disabled","ast-breadcrumbs-content":"","ast-featured-img":"disabled","footer-sml-layout":"","ast-disable-related-posts":"","theme-transparent-header-meta":"default","adv-header-id-meta":"","stick-header-meta":"","header-above-stick-meta":"","header-main-stick-meta":"","header-below-stick-meta":"","astra-migrate-meta-layouts":"default","ast-page-background-enabled":"default","ast-page-background-meta":{"desktop":{"background-color":"var(--ast-global-color-4)","background-image":"","background-repeat":"repeat","background-position":"center center","background-size":"auto","background-attachment":"scroll","background-type":"","background-media":"","overlay-type":"","overlay-color":"","overlay-opacity":"","overlay-gradient":""},"tablet":{"background-color":"","background-image":"","background-repeat":"repeat","background-position":"center center","background-size":"auto","background-attachment":"scroll","background-type":"","background-media":"","overlay-type":"","overlay-color":"","overlay-opacity":"","overlay-gradient":""},"mobile":{"background-color":"","background-image":"","background-repeat":"repeat","background-position":"center center","background-size":"auto","background-attachment":"scroll","background-type":"","background-media":"","overlay-type":"","overlay-color":"","overlay-opacity":"","overlay-gradient":""}},"ast-content-background-meta":{"desktop":{"background-color":"var(--ast-global-color-5)","background-image":"","background-repeat":"repeat","background-position":"center center","background-size":"auto","background-attachment":"scroll","background-type":"","background-media":"","overlay-type":"","overlay-color":"","overlay-opacity":"","overlay-gradient":""},"tablet":{"background-color":"var(--ast-global-color-5)","background-image":"","background-repeat":"repeat","background-position":"center center","background-size":"auto","background-attachment":"scroll","background-type":"","background-media":"","overlay-type":"","overlay-color":"","overlay-opacity":"","overlay-gradient":""},"mobile":{"background-color":"var(--ast-global-color-5)","background-image":"","background-repeat":"repeat","background-position":"center center","background-size":"auto","background-attachment":"scroll","background-type":"","background-media":"","overlay-type":"","overlay-color":"","overlay-opacity":"","overlay-gradient":""}},"footnotes":""},"class_list":["post-9863","page","type-page","status-publish","hentry"],"acf":[],"yoast_head":"<!-- This site is optimized with the Yoast SEO plugin v27.3 - https:\/\/yoast.com\/product\/yoast-seo-wordpress\/ -->\n<title>Politique de confidentialit\u00e9 - ai.cibeles.net<\/title>\n<meta name=\"robots\" content=\"index, follow, max-snippet:-1, max-image-preview:large, max-video-preview:-1\" \/>\n<link rel=\"canonical\" href=\"https:\/\/ai.cibeles.net\/fr\/politique-de-confidentialite\/\" \/>\n<meta property=\"og:locale\" content=\"fr_FR\" \/>\n<meta property=\"og:type\" content=\"article\" \/>\n<meta property=\"og:title\" content=\"Politique de confidentialit\u00e9 - ai.cibeles.net\" \/>\n<meta property=\"og:description\" content=\"Politique de confidentialit\u00e9 1. POLITIQUE DE CONFIDENTIALIT\u00c9 SUR LE WEB Identit\u00e9 du responsable du traitement CIBELES.NET (\u00ab\u00a0Contr\u00f4leur de fichiers\u00a0\u00bb), dont les bureaux se trouvent \u00e0 l&rsquo;adresse suivante : Madrid: Calle Fernando el Cat\u00f3lico 13 bis, bureau 5 Valence: Calle Poeta Vicente Gaos 3, Bajo T\u00e9l\u00e9phone : +34 91 187 74 04 Courriel : soporte@cibeles.net Site [&hellip;]\" \/>\n<meta property=\"og:url\" content=\"https:\/\/ai.cibeles.net\/fr\/politique-de-confidentialite\/\" \/>\n<meta property=\"og:site_name\" content=\"ai.cibeles.net\" \/>\n<meta property=\"article:publisher\" content=\"https:\/\/www.facebook.com\/CibelesGroup\" \/>\n<meta property=\"article:modified_time\" content=\"2025-04-16T11:11:12+00:00\" \/>\n<meta name=\"twitter:card\" content=\"summary_large_image\" \/>\n<meta name=\"twitter:site\" content=\"@cibelesnet\" \/>\n<meta name=\"twitter:label1\" content=\"Dur\u00e9e de lecture estim\u00e9e\" \/>\n\t<meta name=\"twitter:data1\" content=\"4 minutes\" \/>\n<script type=\"application\/ld+json\" class=\"yoast-schema-graph\">{\"@context\":\"https:\\\/\\\/schema.org\",\"@graph\":[{\"@type\":\"WebPage\",\"@id\":\"https:\\\/\\\/ai.cibeles.net\\\/fr\\\/politique-de-confidentialite\\\/\",\"url\":\"https:\\\/\\\/ai.cibeles.net\\\/fr\\\/politique-de-confidentialite\\\/\",\"name\":\"Politique de confidentialit\u00e9 - ai.cibeles.net\",\"isPartOf\":{\"@id\":\"https:\\\/\\\/ai.cibeles.net\\\/fr\\\/#website\"},\"datePublished\":\"2025-04-16T10:55:52+00:00\",\"dateModified\":\"2025-04-16T11:11:12+00:00\",\"breadcrumb\":{\"@id\":\"https:\\\/\\\/ai.cibeles.net\\\/fr\\\/politique-de-confidentialite\\\/#breadcrumb\"},\"inLanguage\":\"fr-FR\",\"potentialAction\":[{\"@type\":\"ReadAction\",\"target\":[\"https:\\\/\\\/ai.cibeles.net\\\/fr\\\/politique-de-confidentialite\\\/\"]}]},{\"@type\":\"BreadcrumbList\",\"@id\":\"https:\\\/\\\/ai.cibeles.net\\\/fr\\\/politique-de-confidentialite\\\/#breadcrumb\",\"itemListElement\":[{\"@type\":\"ListItem\",\"position\":1,\"name\":\"Portada\",\"item\":\"https:\\\/\\\/ai.cibeles.net\\\/fr\\\/\"},{\"@type\":\"ListItem\",\"position\":2,\"name\":\"Politique de confidentialit\u00e9\"}]},{\"@type\":\"WebSite\",\"@id\":\"https:\\\/\\\/ai.cibeles.net\\\/fr\\\/#website\",\"url\":\"https:\\\/\\\/ai.cibeles.net\\\/fr\\\/\",\"name\":\"ai.cibeles.net\",\"description\":\"Inteligencia Artificial para redacci\u00f3n de Peri\u00f3dicos\",\"publisher\":{\"@id\":\"https:\\\/\\\/ai.cibeles.net\\\/fr\\\/#organization\"},\"potentialAction\":[{\"@type\":\"SearchAction\",\"target\":{\"@type\":\"EntryPoint\",\"urlTemplate\":\"https:\\\/\\\/ai.cibeles.net\\\/fr\\\/?s={search_term_string}\"},\"query-input\":{\"@type\":\"PropertyValueSpecification\",\"valueRequired\":true,\"valueName\":\"search_term_string\"}}],\"inLanguage\":\"fr-FR\"},{\"@type\":[\"Organization\",\"NewsMediaOrganization\"],\"@id\":\"https:\\\/\\\/ai.cibeles.net\\\/fr\\\/#organization\",\"name\":\"Cibeles Group\",\"url\":\"https:\\\/\\\/ai.cibeles.net\\\/fr\\\/\",\"logo\":{\"@type\":\"ImageObject\",\"inLanguage\":\"fr-FR\",\"@id\":\"https:\\\/\\\/ai.cibeles.net\\\/fr\\\/#\\\/schema\\\/logo\\\/image\\\/\",\"url\":\"https:\\\/\\\/ai.cibeles.net\\\/wp-content\\\/uploads\\\/2023\\\/03\\\/Sin-titulo.png\",\"contentUrl\":\"https:\\\/\\\/ai.cibeles.net\\\/wp-content\\\/uploads\\\/2023\\\/03\\\/Sin-titulo.png\",\"width\":336,\"height\":188,\"caption\":\"Cibeles Group\"},\"image\":{\"@id\":\"https:\\\/\\\/ai.cibeles.net\\\/fr\\\/#\\\/schema\\\/logo\\\/image\\\/\"},\"sameAs\":[\"https:\\\/\\\/www.facebook.com\\\/CibelesGroup\",\"https:\\\/\\\/x.com\\\/cibelesnet\"]},{\"@type\":\"SiteNavigationElement\",\"@id\":\"https:\\\/\\\/ai.cibeles.net\\\/fr\\\/#site-navigation\",\"cssSelector\":[\".cib-main-menu\"]},{\"@type\":\"WPHeader\",\"@id\":\"https:\\\/\\\/ai.cibeles.net\\\/fr\\\/#header\",\"cssSelector\":[\".cib-header\"]},{\"@type\":\"WPFooter\",\"@id\":\"https:\\\/\\\/ai.cibeles.net\\\/fr\\\/#footer\",\"cssSelector\":[\".cib-footer\"]}]}<\/script>\n<!-- \/ Yoast SEO plugin. -->","yoast_head_json":{"title":"Politique de confidentialit\u00e9 - ai.cibeles.net","robots":{"index":"index","follow":"follow","max-snippet":"max-snippet:-1","max-image-preview":"max-image-preview:large","max-video-preview":"max-video-preview:-1"},"canonical":"https:\/\/ai.cibeles.net\/fr\/politique-de-confidentialite\/","og_locale":"fr_FR","og_type":"article","og_title":"Politique de confidentialit\u00e9 - ai.cibeles.net","og_description":"Politique de confidentialit\u00e9 1. POLITIQUE DE CONFIDENTIALIT\u00c9 SUR LE WEB Identit\u00e9 du responsable du traitement CIBELES.NET (\u00ab\u00a0Contr\u00f4leur de fichiers\u00a0\u00bb), dont les bureaux se trouvent \u00e0 l&rsquo;adresse suivante : Madrid: Calle Fernando el Cat\u00f3lico 13 bis, bureau 5 Valence: Calle Poeta Vicente Gaos 3, Bajo T\u00e9l\u00e9phone : +34 91 187 74 04 Courriel : soporte@cibeles.net Site [&hellip;]","og_url":"https:\/\/ai.cibeles.net\/fr\/politique-de-confidentialite\/","og_site_name":"ai.cibeles.net","article_publisher":"https:\/\/www.facebook.com\/CibelesGroup","article_modified_time":"2025-04-16T11:11:12+00:00","twitter_card":"summary_large_image","twitter_site":"@cibelesnet","twitter_misc":{"Dur\u00e9e de lecture estim\u00e9e":"4 minutes"},"schema":{"@context":"https:\/\/schema.org","@graph":[{"@type":"WebPage","@id":"https:\/\/ai.cibeles.net\/fr\/politique-de-confidentialite\/","url":"https:\/\/ai.cibeles.net\/fr\/politique-de-confidentialite\/","name":"Politique de confidentialit\u00e9 - ai.cibeles.net","isPartOf":{"@id":"https:\/\/ai.cibeles.net\/fr\/#website"},"datePublished":"2025-04-16T10:55:52+00:00","dateModified":"2025-04-16T11:11:12+00:00","breadcrumb":{"@id":"https:\/\/ai.cibeles.net\/fr\/politique-de-confidentialite\/#breadcrumb"},"inLanguage":"fr-FR","potentialAction":[{"@type":"ReadAction","target":["https:\/\/ai.cibeles.net\/fr\/politique-de-confidentialite\/"]}]},{"@type":"BreadcrumbList","@id":"https:\/\/ai.cibeles.net\/fr\/politique-de-confidentialite\/#breadcrumb","itemListElement":[{"@type":"ListItem","position":1,"name":"Portada","item":"https:\/\/ai.cibeles.net\/fr\/"},{"@type":"ListItem","position":2,"name":"Politique de confidentialit\u00e9"}]},{"@type":"WebSite","@id":"https:\/\/ai.cibeles.net\/fr\/#website","url":"https:\/\/ai.cibeles.net\/fr\/","name":"ai.cibeles.net","description":"Inteligencia Artificial para redacci\u00f3n de Peri\u00f3dicos","publisher":{"@id":"https:\/\/ai.cibeles.net\/fr\/#organization"},"potentialAction":[{"@type":"SearchAction","target":{"@type":"EntryPoint","urlTemplate":"https:\/\/ai.cibeles.net\/fr\/?s={search_term_string}"},"query-input":{"@type":"PropertyValueSpecification","valueRequired":true,"valueName":"search_term_string"}}],"inLanguage":"fr-FR"},{"@type":["Organization","NewsMediaOrganization"],"@id":"https:\/\/ai.cibeles.net\/fr\/#organization","name":"Cibeles Group","url":"https:\/\/ai.cibeles.net\/fr\/","logo":{"@type":"ImageObject","inLanguage":"fr-FR","@id":"https:\/\/ai.cibeles.net\/fr\/#\/schema\/logo\/image\/","url":"https:\/\/ai.cibeles.net\/wp-content\/uploads\/2023\/03\/Sin-titulo.png","contentUrl":"https:\/\/ai.cibeles.net\/wp-content\/uploads\/2023\/03\/Sin-titulo.png","width":336,"height":188,"caption":"Cibeles Group"},"image":{"@id":"https:\/\/ai.cibeles.net\/fr\/#\/schema\/logo\/image\/"},"sameAs":["https:\/\/www.facebook.com\/CibelesGroup","https:\/\/x.com\/cibelesnet"]},{"@type":"SiteNavigationElement","@id":"https:\/\/ai.cibeles.net\/fr\/#site-navigation","cssSelector":[".cib-main-menu"]},{"@type":"WPHeader","@id":"https:\/\/ai.cibeles.net\/fr\/#header","cssSelector":[".cib-header"]},{"@type":"WPFooter","@id":"https:\/\/ai.cibeles.net\/fr\/#footer","cssSelector":[".cib-footer"]}]}},"_links":{"self":[{"href":"https:\/\/ai.cibeles.net\/fr\/wp-json\/wp\/v2\/pages\/9863","targetHints":{"allow":["GET"]}}],"collection":[{"href":"https:\/\/ai.cibeles.net\/fr\/wp-json\/wp\/v2\/pages"}],"about":[{"href":"https:\/\/ai.cibeles.net\/fr\/wp-json\/wp\/v2\/types\/page"}],"author":[{"embeddable":true,"href":"https:\/\/ai.cibeles.net\/fr\/wp-json\/wp\/v2\/users\/1"}],"replies":[{"embeddable":true,"href":"https:\/\/ai.cibeles.net\/fr\/wp-json\/wp\/v2\/comments?post=9863"}],"version-history":[{"count":1,"href":"https:\/\/ai.cibeles.net\/fr\/wp-json\/wp\/v2\/pages\/9863\/revisions"}],"predecessor-version":[{"id":9865,"href":"https:\/\/ai.cibeles.net\/fr\/wp-json\/wp\/v2\/pages\/9863\/revisions\/9865"}],"wp:attachment":[{"href":"https:\/\/ai.cibeles.net\/fr\/wp-json\/wp\/v2\/media?parent=9863"}],"curies":[{"name":"wp","href":"https:\/\/api.w.org\/{rel}","templated":true}]}}