{"id":725,"date":"2023-01-25T15:18:07","date_gmt":"2023-01-25T15:18:07","guid":{"rendered":"https:\/\/ai.cibeles.net\/?page_id=725"},"modified":"2023-06-02T14:35:48","modified_gmt":"2023-06-02T14:35:48","slug":"qui-sommes-nous","status":"publish","type":"page","link":"https:\/\/ai.cibeles.net\/fr\/qui-sommes-nous\/","title":{"rendered":"Qui sommes-nous ?"},"content":{"rendered":"\t\t<div data-elementor-type=\"wp-page\" data-elementor-id=\"725\" class=\"elementor elementor-725 elementor-406\" data-elementor-post-type=\"page\">\n\t\t\t\t\t\t<section class=\"elementor-section elementor-top-section elementor-element elementor-element-7a0d7716 elementor-section-content-middle elementor-section-boxed elementor-section-height-default elementor-section-height-default\" data-id=\"7a0d7716\" data-element_type=\"section\" data-e-type=\"section\">\n\t\t\t\t\t\t<div class=\"elementor-container elementor-column-gap-no\">\n\t\t\t\t\t<div class=\"elementor-column elementor-col-100 elementor-top-column elementor-element elementor-element-1caf8e07\" data-id=\"1caf8e07\" data-element_type=\"column\" data-e-type=\"column\">\n\t\t\t<div class=\"elementor-widget-wrap elementor-element-populated\">\n\t\t\t\t\t\t<div class=\"elementor-element elementor-element-48a3228f elementor-widget elementor-widget-heading\" data-id=\"48a3228f\" data-element_type=\"widget\" data-e-type=\"widget\" data-widget_type=\"heading.default\">\n\t\t\t\t<div class=\"elementor-widget-container\">\n\t\t\t\t\t<h4 class=\"elementor-heading-title elementor-size-default\">Qui sommes-nous ?<\/h4>\t\t\t\t<\/div>\n\t\t\t\t<\/div>\n\t\t\t\t<div class=\"elementor-element elementor-element-311244dc elementor-widget elementor-widget-text-editor\" data-id=\"311244dc\" data-element_type=\"widget\" data-e-type=\"widget\" data-widget_type=\"text-editor.default\">\n\t\t\t\t<div class=\"elementor-widget-container\">\n\t\t\t\t\t\t\t\t\t<p>CibelesGroup a \u00e9t\u00e9 fond\u00e9 en 2000 \u00e0 Madrid (Espagne) comme alli\u00e9 technologique des groupes d&rsquo;\u00e9dition, leur offrant des syst\u00e8mes de gestion de contenu adapt\u00e9s \u00e0 leurs besoins. En 2008, nous avons ouvert des bureaux \u00e0 Miami (\u00c9tats-Unis) et \u00e0 Mendoza (Argentine). L&rsquo;implantation am\u00e9ricaine nous donne la fiabilit\u00e9 et la port\u00e9e, tandis que l&rsquo;implantation argentine nous donne la comp\u00e9titivit\u00e9 et l&rsquo;\u00e9volutivit\u00e9.<\/p>\n<p>Aujourd&rsquo;hui, nous nous consid\u00e9rons comme une entreprise leader dans le secteur, tr\u00e8s exp\u00e9riment\u00e9e tant dans l&rsquo;environnement technologique que dans les besoins de nos clients, et capable de fournir des solutions tr\u00e8s comp\u00e9titives gr\u00e2ce au fait que nous avons acquis une exp\u00e9rience de plus de 20 ans dans le domaine de la technologie de l&rsquo;information.  <em>savoir comment<\/em>  Le niveau \u00e9lev\u00e9 de croissance est d\u00fb au fait qu&rsquo;elle dispose d&rsquo;une infrastructure confortable qui permet notre croissance.<\/p>\t\t\t\t\t\t\t\t<\/div>\n\t\t\t\t<\/div>\n\t\t\t\t<div class=\"elementor-element elementor-element-e834d30 elementor-widget__width-auto elementor-widget elementor-widget-image\" data-id=\"e834d30\" data-element_type=\"widget\" data-e-type=\"widget\" data-widget_type=\"image.default\">\n\t\t\t\t<div class=\"elementor-widget-container\">\n\t\t\t\t\t\t\t\t\t\t\t\t\t\t\t\t<a href=\"https:\/\/www.cibeles.net\/\" target=\"_blank\">\n\t\t\t\t\t\t\t<img fetchpriority=\"high\" decoding=\"async\" width=\"768\" height=\"165\" src=\"https:\/\/ai.cibeles.net\/wp-content\/uploads\/2023\/01\/logo-cibeles-768x165.png\" class=\"attachment-medium_large size-medium_large wp-image-686\" alt=\"\" srcset=\"https:\/\/ai.cibeles.net\/wp-content\/uploads\/2023\/01\/logo-cibeles-768x165.png 768w, https:\/\/ai.cibeles.net\/wp-content\/uploads\/2023\/01\/logo-cibeles-600x129.png 600w, https:\/\/ai.cibeles.net\/wp-content\/uploads\/2023\/01\/logo-cibeles-300x65.png 300w, https:\/\/ai.cibeles.net\/wp-content\/uploads\/2023\/01\/logo-cibeles.png 800w\" sizes=\"(max-width: 768px) 100vw, 768px\" \/>\t\t\t\t\t\t\t\t<\/a>\n\t\t\t\t\t\t\t\t\t\t\t\t\t\t\t<\/div>\n\t\t\t\t<\/div>\n\t\t\t\t<div class=\"elementor-element elementor-element-6944ea6 elementor-widget__width-auto elementor-widget elementor-widget-image\" data-id=\"6944ea6\" data-element_type=\"widget\" data-e-type=\"widget\" data-widget_type=\"image.default\">\n\t\t\t\t<div class=\"elementor-widget-container\">\n\t\t\t\t\t\t\t\t\t\t\t\t\t\t\t<img decoding=\"async\" width=\"746\" height=\"180\" src=\"https:\/\/ai.cibeles.net\/wp-content\/uploads\/2023\/01\/ai-cibeles.png\" class=\"attachment-medium_large size-medium_large wp-image-638\" alt=\"\" srcset=\"https:\/\/ai.cibeles.net\/wp-content\/uploads\/2023\/01\/ai-cibeles.png 746w, https:\/\/ai.cibeles.net\/wp-content\/uploads\/2023\/01\/ai-cibeles-600x145.png 600w, https:\/\/ai.cibeles.net\/wp-content\/uploads\/2023\/01\/ai-cibeles-300x72.png 300w\" sizes=\"(max-width: 746px) 100vw, 746px\" \/>\t\t\t\t\t\t\t\t\t\t\t\t\t\t\t<\/div>\n\t\t\t\t<\/div>\n\t\t\t\t<section class=\"elementor-section elementor-inner-section elementor-element elementor-element-4f5ef527 elementor-section-content-middle elementor-section-boxed elementor-section-height-default elementor-section-height-default\" data-id=\"4f5ef527\" data-element_type=\"section\" data-e-type=\"section\">\n\t\t\t\t\t\t<div class=\"elementor-container elementor-column-gap-no\">\n\t\t\t\t\t<div class=\"elementor-column elementor-col-100 elementor-inner-column elementor-element elementor-element-2580d1d1\" data-id=\"2580d1d1\" data-element_type=\"column\" data-e-type=\"column\">\n\t\t\t<div class=\"elementor-widget-wrap elementor-element-populated\">\n\t\t\t\t\t\t<div class=\"elementor-element elementor-element-2f23861 elementor-widget-divider--view-line elementor-widget elementor-widget-divider\" data-id=\"2f23861\" data-element_type=\"widget\" data-e-type=\"widget\" data-widget_type=\"divider.default\">\n\t\t\t\t<div class=\"elementor-widget-container\">\n\t\t\t\t\t\t\t<div class=\"elementor-divider\">\n\t\t\t<span class=\"elementor-divider-separator\">\n\t\t\t\t\t\t<\/span>\n\t\t<\/div>\n\t\t\t\t\t\t<\/div>\n\t\t\t\t<\/div>\n\t\t\t\t\t<\/div>\n\t\t<\/div>\n\t\t\t\t\t<\/div>\n\t\t<\/section>\n\t\t\t\t\t<\/div>\n\t\t<\/div>\n\t\t\t\t\t<\/div>\n\t\t<\/section>\n\t\t\t\t<\/div>\n\t\t","protected":false},"excerpt":{"rendered":"<p>Qui sommes-nous ? CibelesGroup a \u00e9t\u00e9 fond\u00e9 en 2000 \u00e0 Madrid (Espagne) comme alli\u00e9 technologique des groupes d&rsquo;\u00e9dition, leur offrant des syst\u00e8mes de gestion de contenu adapt\u00e9s \u00e0 leurs besoins. En 2008, nous avons ouvert des bureaux \u00e0 Miami (\u00c9tats-Unis) et \u00e0 Mendoza (Argentine). L&rsquo;implantation am\u00e9ricaine nous donne la fiabilit\u00e9 et la port\u00e9e, tandis que [&hellip;]<\/p>\n","protected":false},"author":1,"featured_media":0,"parent":0,"menu_order":0,"comment_status":"closed","ping_status":"closed","template":"elementor_header_footer","meta":{"_acf_changed":false,"site-sidebar-layout":"no-sidebar","site-content-layout":"page-builder","ast-site-content-layout":"default","site-content-style":"default","site-sidebar-style":"default","ast-global-header-display":"","ast-banner-title-visibility":"","ast-main-header-display":"","ast-hfb-above-header-display":"","ast-hfb-below-header-display":"","ast-hfb-mobile-header-display":"","site-post-title":"disabled","ast-breadcrumbs-content":"","ast-featured-img":"disabled","footer-sml-layout":"","ast-disable-related-posts":"","theme-transparent-header-meta":"default","adv-header-id-meta":"","stick-header-meta":"","header-above-stick-meta":"","header-main-stick-meta":"","header-below-stick-meta":"","astra-migrate-meta-layouts":"default","ast-page-background-enabled":"default","ast-page-background-meta":{"desktop":{"background-color":"var(--ast-global-color-4)","background-image":"","background-repeat":"repeat","background-position":"center center","background-size":"auto","background-attachment":"scroll","background-type":"","background-media":"","overlay-type":"","overlay-color":"","overlay-opacity":"","overlay-gradient":""},"tablet":{"background-color":"","background-image":"","background-repeat":"repeat","background-position":"center center","background-size":"auto","background-attachment":"scroll","background-type":"","background-media":"","overlay-type":"","overlay-color":"","overlay-opacity":"","overlay-gradient":""},"mobile":{"background-color":"","background-image":"","background-repeat":"repeat","background-position":"center center","background-size":"auto","background-attachment":"scroll","background-type":"","background-media":"","overlay-type":"","overlay-color":"","overlay-opacity":"","overlay-gradient":""}},"ast-content-background-meta":{"desktop":{"background-color":"var(--ast-global-color-5)","background-image":"","background-repeat":"repeat","background-position":"center center","background-size":"auto","background-attachment":"scroll","background-type":"","background-media":"","overlay-type":"","overlay-color":"","overlay-opacity":"","overlay-gradient":""},"tablet":{"background-color":"var(--ast-global-color-5)","background-image":"","background-repeat":"repeat","background-position":"center center","background-size":"auto","background-attachment":"scroll","background-type":"","background-media":"","overlay-type":"","overlay-color":"","overlay-opacity":"","overlay-gradient":""},"mobile":{"background-color":"var(--ast-global-color-5)","background-image":"","background-repeat":"repeat","background-position":"center center","background-size":"auto","background-attachment":"scroll","background-type":"","background-media":"","overlay-type":"","overlay-color":"","overlay-opacity":"","overlay-gradient":""}},"footnotes":""},"class_list":["post-725","page","type-page","status-publish","hentry"],"acf":[],"yoast_head":"<!-- This site is optimized with the Yoast SEO plugin v27.3 - https:\/\/yoast.com\/product\/yoast-seo-wordpress\/ -->\n<title>Qui sommes-nous ? - ai.cibeles.net<\/title>\n<meta name=\"robots\" content=\"index, follow, max-snippet:-1, max-image-preview:large, max-video-preview:-1\" \/>\n<link rel=\"canonical\" href=\"https:\/\/ai.cibeles.net\/fr\/qui-sommes-nous\/\" \/>\n<meta property=\"og:locale\" content=\"fr_FR\" \/>\n<meta property=\"og:type\" content=\"article\" \/>\n<meta property=\"og:title\" content=\"Qui sommes-nous ? - ai.cibeles.net\" \/>\n<meta property=\"og:description\" content=\"Qui sommes-nous ? CibelesGroup a \u00e9t\u00e9 fond\u00e9 en 2000 \u00e0 Madrid (Espagne) comme alli\u00e9 technologique des groupes d&rsquo;\u00e9dition, leur offrant des syst\u00e8mes de gestion de contenu adapt\u00e9s \u00e0 leurs besoins. En 2008, nous avons ouvert des bureaux \u00e0 Miami (\u00c9tats-Unis) et \u00e0 Mendoza (Argentine). L&rsquo;implantation am\u00e9ricaine nous donne la fiabilit\u00e9 et la port\u00e9e, tandis que [&hellip;]\" \/>\n<meta property=\"og:url\" content=\"https:\/\/ai.cibeles.net\/fr\/qui-sommes-nous\/\" \/>\n<meta property=\"og:site_name\" content=\"ai.cibeles.net\" \/>\n<meta property=\"article:publisher\" content=\"https:\/\/www.facebook.com\/CibelesGroup\" \/>\n<meta property=\"article:modified_time\" content=\"2023-06-02T14:35:48+00:00\" \/>\n<meta property=\"og:image\" content=\"https:\/\/ai.cibeles.net\/wp-content\/uploads\/2023\/01\/logo-cibeles-768x165.png\" \/>\n<meta name=\"twitter:card\" content=\"summary_large_image\" \/>\n<meta name=\"twitter:site\" content=\"@cibelesnet\" \/>\n<meta name=\"twitter:label1\" content=\"Dur\u00e9e de lecture estim\u00e9e\" \/>\n\t<meta name=\"twitter:data1\" content=\"1 minute\" \/>\n<script type=\"application\/ld+json\" class=\"yoast-schema-graph\">{\"@context\":\"https:\\\/\\\/schema.org\",\"@graph\":[{\"@type\":\"WebPage\",\"@id\":\"https:\\\/\\\/ai.cibeles.net\\\/fr\\\/qui-sommes-nous\\\/\",\"url\":\"https:\\\/\\\/ai.cibeles.net\\\/fr\\\/qui-sommes-nous\\\/\",\"name\":\"Qui sommes-nous ? - ai.cibeles.net\",\"isPartOf\":{\"@id\":\"https:\\\/\\\/ai.cibeles.net\\\/fr\\\/#website\"},\"primaryImageOfPage\":{\"@id\":\"https:\\\/\\\/ai.cibeles.net\\\/fr\\\/qui-sommes-nous\\\/#primaryimage\"},\"image\":{\"@id\":\"https:\\\/\\\/ai.cibeles.net\\\/fr\\\/qui-sommes-nous\\\/#primaryimage\"},\"thumbnailUrl\":\"https:\\\/\\\/ai.cibeles.net\\\/wp-content\\\/uploads\\\/2023\\\/01\\\/logo-cibeles-768x165.png\",\"datePublished\":\"2023-01-25T15:18:07+00:00\",\"dateModified\":\"2023-06-02T14:35:48+00:00\",\"breadcrumb\":{\"@id\":\"https:\\\/\\\/ai.cibeles.net\\\/fr\\\/qui-sommes-nous\\\/#breadcrumb\"},\"inLanguage\":\"fr-FR\",\"potentialAction\":[{\"@type\":\"ReadAction\",\"target\":[\"https:\\\/\\\/ai.cibeles.net\\\/fr\\\/qui-sommes-nous\\\/\"]}]},{\"@type\":\"ImageObject\",\"inLanguage\":\"fr-FR\",\"@id\":\"https:\\\/\\\/ai.cibeles.net\\\/fr\\\/qui-sommes-nous\\\/#primaryimage\",\"url\":\"https:\\\/\\\/ai.cibeles.net\\\/wp-content\\\/uploads\\\/2023\\\/01\\\/logo-cibeles-768x165.png\",\"contentUrl\":\"https:\\\/\\\/ai.cibeles.net\\\/wp-content\\\/uploads\\\/2023\\\/01\\\/logo-cibeles-768x165.png\"},{\"@type\":\"BreadcrumbList\",\"@id\":\"https:\\\/\\\/ai.cibeles.net\\\/fr\\\/qui-sommes-nous\\\/#breadcrumb\",\"itemListElement\":[{\"@type\":\"ListItem\",\"position\":1,\"name\":\"Portada\",\"item\":\"https:\\\/\\\/ai.cibeles.net\\\/fr\\\/\"},{\"@type\":\"ListItem\",\"position\":2,\"name\":\"Qui sommes-nous ?\"}]},{\"@type\":\"WebSite\",\"@id\":\"https:\\\/\\\/ai.cibeles.net\\\/fr\\\/#website\",\"url\":\"https:\\\/\\\/ai.cibeles.net\\\/fr\\\/\",\"name\":\"ai.cibeles.net\",\"description\":\"Inteligencia Artificial para redacci\u00f3n de Peri\u00f3dicos\",\"publisher\":{\"@id\":\"https:\\\/\\\/ai.cibeles.net\\\/fr\\\/#organization\"},\"potentialAction\":[{\"@type\":\"SearchAction\",\"target\":{\"@type\":\"EntryPoint\",\"urlTemplate\":\"https:\\\/\\\/ai.cibeles.net\\\/fr\\\/?s={search_term_string}\"},\"query-input\":{\"@type\":\"PropertyValueSpecification\",\"valueRequired\":true,\"valueName\":\"search_term_string\"}}],\"inLanguage\":\"fr-FR\"},{\"@type\":[\"Organization\",\"NewsMediaOrganization\"],\"@id\":\"https:\\\/\\\/ai.cibeles.net\\\/fr\\\/#organization\",\"name\":\"Cibeles Group\",\"url\":\"https:\\\/\\\/ai.cibeles.net\\\/fr\\\/\",\"logo\":{\"@type\":\"ImageObject\",\"inLanguage\":\"fr-FR\",\"@id\":\"https:\\\/\\\/ai.cibeles.net\\\/fr\\\/#\\\/schema\\\/logo\\\/image\\\/\",\"url\":\"https:\\\/\\\/ai.cibeles.net\\\/wp-content\\\/uploads\\\/2023\\\/03\\\/Sin-titulo.png\",\"contentUrl\":\"https:\\\/\\\/ai.cibeles.net\\\/wp-content\\\/uploads\\\/2023\\\/03\\\/Sin-titulo.png\",\"width\":336,\"height\":188,\"caption\":\"Cibeles Group\"},\"image\":{\"@id\":\"https:\\\/\\\/ai.cibeles.net\\\/fr\\\/#\\\/schema\\\/logo\\\/image\\\/\"},\"sameAs\":[\"https:\\\/\\\/www.facebook.com\\\/CibelesGroup\",\"https:\\\/\\\/x.com\\\/cibelesnet\"]},{\"@type\":\"SiteNavigationElement\",\"@id\":\"https:\\\/\\\/ai.cibeles.net\\\/fr\\\/#site-navigation\",\"cssSelector\":[\".cib-main-menu\"]},{\"@type\":\"WPHeader\",\"@id\":\"https:\\\/\\\/ai.cibeles.net\\\/fr\\\/#header\",\"cssSelector\":[\".cib-header\"]},{\"@type\":\"WPFooter\",\"@id\":\"https:\\\/\\\/ai.cibeles.net\\\/fr\\\/#footer\",\"cssSelector\":[\".cib-footer\"]}]}<\/script>\n<!-- \/ Yoast SEO plugin. -->","yoast_head_json":{"title":"Qui sommes-nous ? - ai.cibeles.net","robots":{"index":"index","follow":"follow","max-snippet":"max-snippet:-1","max-image-preview":"max-image-preview:large","max-video-preview":"max-video-preview:-1"},"canonical":"https:\/\/ai.cibeles.net\/fr\/qui-sommes-nous\/","og_locale":"fr_FR","og_type":"article","og_title":"Qui sommes-nous ? - ai.cibeles.net","og_description":"Qui sommes-nous ? CibelesGroup a \u00e9t\u00e9 fond\u00e9 en 2000 \u00e0 Madrid (Espagne) comme alli\u00e9 technologique des groupes d&rsquo;\u00e9dition, leur offrant des syst\u00e8mes de gestion de contenu adapt\u00e9s \u00e0 leurs besoins. En 2008, nous avons ouvert des bureaux \u00e0 Miami (\u00c9tats-Unis) et \u00e0 Mendoza (Argentine). L&rsquo;implantation am\u00e9ricaine nous donne la fiabilit\u00e9 et la port\u00e9e, tandis que [&hellip;]","og_url":"https:\/\/ai.cibeles.net\/fr\/qui-sommes-nous\/","og_site_name":"ai.cibeles.net","article_publisher":"https:\/\/www.facebook.com\/CibelesGroup","article_modified_time":"2023-06-02T14:35:48+00:00","og_image":[{"url":"https:\/\/ai.cibeles.net\/wp-content\/uploads\/2023\/01\/logo-cibeles-768x165.png","type":"","width":"","height":""}],"twitter_card":"summary_large_image","twitter_site":"@cibelesnet","twitter_misc":{"Dur\u00e9e de lecture estim\u00e9e":"1 minute"},"schema":{"@context":"https:\/\/schema.org","@graph":[{"@type":"WebPage","@id":"https:\/\/ai.cibeles.net\/fr\/qui-sommes-nous\/","url":"https:\/\/ai.cibeles.net\/fr\/qui-sommes-nous\/","name":"Qui sommes-nous ? - ai.cibeles.net","isPartOf":{"@id":"https:\/\/ai.cibeles.net\/fr\/#website"},"primaryImageOfPage":{"@id":"https:\/\/ai.cibeles.net\/fr\/qui-sommes-nous\/#primaryimage"},"image":{"@id":"https:\/\/ai.cibeles.net\/fr\/qui-sommes-nous\/#primaryimage"},"thumbnailUrl":"https:\/\/ai.cibeles.net\/wp-content\/uploads\/2023\/01\/logo-cibeles-768x165.png","datePublished":"2023-01-25T15:18:07+00:00","dateModified":"2023-06-02T14:35:48+00:00","breadcrumb":{"@id":"https:\/\/ai.cibeles.net\/fr\/qui-sommes-nous\/#breadcrumb"},"inLanguage":"fr-FR","potentialAction":[{"@type":"ReadAction","target":["https:\/\/ai.cibeles.net\/fr\/qui-sommes-nous\/"]}]},{"@type":"ImageObject","inLanguage":"fr-FR","@id":"https:\/\/ai.cibeles.net\/fr\/qui-sommes-nous\/#primaryimage","url":"https:\/\/ai.cibeles.net\/wp-content\/uploads\/2023\/01\/logo-cibeles-768x165.png","contentUrl":"https:\/\/ai.cibeles.net\/wp-content\/uploads\/2023\/01\/logo-cibeles-768x165.png"},{"@type":"BreadcrumbList","@id":"https:\/\/ai.cibeles.net\/fr\/qui-sommes-nous\/#breadcrumb","itemListElement":[{"@type":"ListItem","position":1,"name":"Portada","item":"https:\/\/ai.cibeles.net\/fr\/"},{"@type":"ListItem","position":2,"name":"Qui sommes-nous ?"}]},{"@type":"WebSite","@id":"https:\/\/ai.cibeles.net\/fr\/#website","url":"https:\/\/ai.cibeles.net\/fr\/","name":"ai.cibeles.net","description":"Inteligencia Artificial para redacci\u00f3n de Peri\u00f3dicos","publisher":{"@id":"https:\/\/ai.cibeles.net\/fr\/#organization"},"potentialAction":[{"@type":"SearchAction","target":{"@type":"EntryPoint","urlTemplate":"https:\/\/ai.cibeles.net\/fr\/?s={search_term_string}"},"query-input":{"@type":"PropertyValueSpecification","valueRequired":true,"valueName":"search_term_string"}}],"inLanguage":"fr-FR"},{"@type":["Organization","NewsMediaOrganization"],"@id":"https:\/\/ai.cibeles.net\/fr\/#organization","name":"Cibeles Group","url":"https:\/\/ai.cibeles.net\/fr\/","logo":{"@type":"ImageObject","inLanguage":"fr-FR","@id":"https:\/\/ai.cibeles.net\/fr\/#\/schema\/logo\/image\/","url":"https:\/\/ai.cibeles.net\/wp-content\/uploads\/2023\/03\/Sin-titulo.png","contentUrl":"https:\/\/ai.cibeles.net\/wp-content\/uploads\/2023\/03\/Sin-titulo.png","width":336,"height":188,"caption":"Cibeles Group"},"image":{"@id":"https:\/\/ai.cibeles.net\/fr\/#\/schema\/logo\/image\/"},"sameAs":["https:\/\/www.facebook.com\/CibelesGroup","https:\/\/x.com\/cibelesnet"]},{"@type":"SiteNavigationElement","@id":"https:\/\/ai.cibeles.net\/fr\/#site-navigation","cssSelector":[".cib-main-menu"]},{"@type":"WPHeader","@id":"https:\/\/ai.cibeles.net\/fr\/#header","cssSelector":[".cib-header"]},{"@type":"WPFooter","@id":"https:\/\/ai.cibeles.net\/fr\/#footer","cssSelector":[".cib-footer"]}]}},"_links":{"self":[{"href":"https:\/\/ai.cibeles.net\/fr\/wp-json\/wp\/v2\/pages\/725","targetHints":{"allow":["GET"]}}],"collection":[{"href":"https:\/\/ai.cibeles.net\/fr\/wp-json\/wp\/v2\/pages"}],"about":[{"href":"https:\/\/ai.cibeles.net\/fr\/wp-json\/wp\/v2\/types\/page"}],"author":[{"embeddable":true,"href":"https:\/\/ai.cibeles.net\/fr\/wp-json\/wp\/v2\/users\/1"}],"replies":[{"embeddable":true,"href":"https:\/\/ai.cibeles.net\/fr\/wp-json\/wp\/v2\/comments?post=725"}],"version-history":[{"count":1,"href":"https:\/\/ai.cibeles.net\/fr\/wp-json\/wp\/v2\/pages\/725\/revisions"}],"predecessor-version":[{"id":3223,"href":"https:\/\/ai.cibeles.net\/fr\/wp-json\/wp\/v2\/pages\/725\/revisions\/3223"}],"wp:attachment":[{"href":"https:\/\/ai.cibeles.net\/fr\/wp-json\/wp\/v2\/media?parent=725"}],"curies":[{"name":"wp","href":"https:\/\/api.w.org\/{rel}","templated":true}]}}