{"id":9859,"date":"2025-04-16T10:55:52","date_gmt":"2025-04-16T10:55:52","guid":{"rendered":"https:\/\/ai.cibeles.net\/datenschutzbestimmungen\/"},"modified":"2025-04-16T11:10:38","modified_gmt":"2025-04-16T11:10:38","slug":"datenschutzbestimmungen","status":"publish","type":"page","link":"https:\/\/ai.cibeles.net\/de\/datenschutzbestimmungen\/","title":{"rendered":"Datenschutzbestimmungen"},"content":{"rendered":"\t\t<div data-elementor-type=\"wp-page\" data-elementor-id=\"9859\" class=\"elementor elementor-9859 elementor-9836\" data-elementor-post-type=\"page\">\n\t\t\t\t<div class=\"elementor-element elementor-element-007b595 e-flex e-con-boxed e-con e-parent\" data-id=\"007b595\" data-element_type=\"container\" data-e-type=\"container\">\n\t\t\t\t\t<div class=\"e-con-inner\">\n\t\t\t\t<div class=\"elementor-element elementor-element-1fe9fc6 elementor-widget-divider--view-line elementor-widget elementor-widget-divider\" data-id=\"1fe9fc6\" data-element_type=\"widget\" data-e-type=\"widget\" data-widget_type=\"divider.default\">\n\t\t\t\t<div class=\"elementor-widget-container\">\n\t\t\t\t\t\t\t<div class=\"elementor-divider\">\n\t\t\t<span class=\"elementor-divider-separator\">\n\t\t\t\t\t\t<\/span>\n\t\t<\/div>\n\t\t\t\t\t\t<\/div>\n\t\t\t\t<\/div>\n\t\t\t\t\t<\/div>\n\t\t\t\t<\/div>\n\t\t<div class=\"elementor-element elementor-element-7e83cf6 e-flex e-con-boxed e-con e-parent\" data-id=\"7e83cf6\" data-element_type=\"container\" data-e-type=\"container\">\n\t\t\t\t\t<div class=\"e-con-inner\">\n\t\t\t\t<div class=\"elementor-element elementor-element-b23457b elementor-widget elementor-widget-heading\" data-id=\"b23457b\" data-element_type=\"widget\" data-e-type=\"widget\" data-widget_type=\"heading.default\">\n\t\t\t\t<div class=\"elementor-widget-container\">\n\t\t\t\t\t<h2 class=\"elementor-heading-title elementor-size-default\">Datenschutzbestimmungen\n<\/h2>\t\t\t\t<\/div>\n\t\t\t\t<\/div>\n\t\t\t\t<div class=\"elementor-element elementor-element-e13f2d1 elementor-widget elementor-widget-text-editor\" data-id=\"e13f2d1\" data-element_type=\"widget\" data-e-type=\"widget\" data-widget_type=\"text-editor.default\">\n\t\t\t\t<div class=\"elementor-widget-container\">\n\t\t\t\t\t\t\t\t\t<h4 data-start=\"347\" data-end=\"379\">1. DATENSCHUTZRICHTLINIE F\u00dcR DAS INTERNET<\/h4><BR\/h4>\n<h3 data-start=\"381\" data-end=\"430\">Identit\u00e4t des f\u00fcr die Verarbeitung Verantwortlichen<\/h3>\n<p data-start=\"432\" data-end=\"490\"><strong data-start=\"432\" data-end=\"475\">CIBELES.NET (&#8222;File Controller&#8220;)<\/strong>, mit B\u00fcros in:<\/p>\n\n<ul data-start=\"491\" data-end=\"716\">\n \t<li data-start=\"491\" data-end=\"551\">\n<p data-start=\"493\" data-end=\"551\"><strong data-start=\"493\" data-end=\"503\">Madrid<\/strong>: Calle Fernando el Cat\u00f3lico 13 bis, B\u00fcro 5<\/p>\n<\/li>\n \t<li data-start=\"552\" data-end=\"716\">\n<p data-start=\"554\" data-end=\"716\"><strong data-start=\"554\" data-end=\"566\">Valencia<\/strong>: Calle Poeta Vicente Gaos 3, Bajo Telefon: +34 91 187 74 04 E-Mail: <a rel=\"noopener\" data-start=\"639\" data-end=\"658\">soporte@cibeles.net<\/a> Website: <a href=\"https:\/\/www.cibeles.net\" target=\"_new\" rel=\"noopener\" data-start=\"672\" data-end=\"714\">www.cibeles.net<\/a><\/p>\n<\/li>\n<\/ul>\n<p data-start=\"718\" data-end=\"1065\">In \u00dcbereinstimmung mit der Gesetzgebung zum Schutz personenbezogener Daten und anderen geltenden Vorschriften wird der Nutzer dar\u00fcber informiert, dass die von ihm angegebenen personenbezogenen Daten gegebenenfalls in eine automatisierte Datei aufgenommen werden, die ausschlie\u00dflich f\u00fcr die im entsprechenden Formular oder Vertrag beschriebenen Zwecke verwendet wird.<\/p>\n\n<h3 data-start=\"1067\" data-end=\"1091\">Abonnement und Kauf<\/h3>\n<p data-start=\"1093\" data-end=\"1719\">In \u00dcbereinstimmung mit der geltenden Gesetzgebung informieren wir Sie dar\u00fcber, dass die pers\u00f6nlichen Daten, die Sie in Abonnement- oder Kaufformularen angeben, von <strong data-start=\"1244\" data-end=\"1259\">Cibeles.<\/strong> net verarbeitet werden, um die vertraglich vereinbarten Dienstleistungen anbieten zu k\u00f6nnen, sowie f\u00fcr die Zusendung von Informationen im Zusammenhang mit der T\u00e4tigkeit des Unternehmens. Die Verarbeitung basiert auf der Zustimmung, die Sie beim Ausf\u00fcllen und Absenden des Formulars und durch Ankreuzen der entsprechenden K\u00e4stchen gegeben haben. Die Daten werden so lange aufbewahrt, wie das Vertragsverh\u00e4ltnis aufrechterhalten wird, solange ihre L\u00f6schung nicht verlangt wird und so lange, wie es die gesetzlichen, insbesondere steuerlichen Verpflichtungen erfordern.  <\/p>\n\n<h3 data-start=\"1721\" data-end=\"1733\">Kontakt<\/h3>\n<p data-start=\"1735\" data-end=\"2056\">Pers\u00f6nliche Daten, die Sie uns \u00fcber das Kontaktformular mitteilen, werden von <strong data-start=\"1826\" data-end=\"1841\">Cibeles.<\/strong> net verarbeitet, um Ihre Anfrage zu bearbeiten und Ihnen Informationen \u00fcber unsere Dienstleistungen zukommen zu lassen, wobei wir uns auf Ihre Zustimmung verlassen. Die Daten werden so lange aufbewahrt, wie es unbedingt notwendig ist, um Ihre Anfrage zu bearbeiten. <\/p>\n\n<h3 data-start=\"2058\" data-end=\"2072\">Newsletter<\/h3>\n<p data-start=\"2074\" data-end=\"2395\">Die pers\u00f6nlichen Daten, die Sie f\u00fcr das Abonnement des Newsletters angeben, werden von <strong data-start=\"2162\" data-end=\"2177\">Cibeles.net<\/strong> verarbeitet, um Informationen \u00fcber das Unternehmen zu versenden. Die Verarbeitung basiert auf Ihrer ausdr\u00fccklichen Zustimmung, indem Sie das entsprechende K\u00e4stchen ankreuzen. Die Daten werden aufbewahrt, bis Sie die Abmeldung beantragen.  <\/p>\n\n<h3 data-start=\"2402\" data-end=\"2439\">F\u00fcr alle Behandlungen<\/h3>\n<p data-start=\"2441\" data-end=\"2816\"><strong data-start=\"2441\" data-end=\"2477\">Weitergabe von Daten an Dritte<\/strong> Es werden keine Daten an Dritte weitergegeben, es sei denn, dies ist gesetzlich vorgeschrieben. <strong data-start=\"2548\" data-end=\"2563\">Cibeles.net<\/strong> kann jedoch Lieferanten beauftragen, als Verarbeiter zu fungieren (z.B. Hosting-Dienste, Beratung usw.), um das ordnungsgem\u00e4\u00dfe Funktionieren des Dienstes zu gew\u00e4hrleisten. In allen F\u00e4llen werden die gesetzlich vorgeschriebenen Vertr\u00e4ge unterzeichnet.  <\/p>\n<p data-start=\"2818\" data-end=\"3263\"><strong data-start=\"2818\" data-end=\"2843\">Aus\u00fcbung Ihrer Rechte<\/strong> Sie k\u00f6nnen Ihre Rechte auf Auskunft, Berichtigung, L\u00f6schung, Widerspruch, Einschr\u00e4nkung der Verarbeitung und \u00dcbertragbarkeit aus\u00fcben sowie Ihre Einwilligung widerrufen, indem Sie sich schriftlich an <strong data-start=\"3020\" data-end=\"3043\"><a rel=\"noopener\" data-start=\"3022\" data-end=\"3041\">soporte@cibeles.net<\/a><\/strong>. Sie m\u00fcssen Ihren vollst\u00e4ndigen Namen, Ihre Adresse, das Recht, das Sie aus\u00fcben m\u00f6chten, und die konkrete Anfrage angeben. Sollten Sie keine zufriedenstellende Antwort erhalten, k\u00f6nnen Sie sich an die spanische Datenschutzbeh\u00f6rde wenden: <a href=\"http:\/\/www.aepd.es\" target=\"_new\" rel=\"noopener\" data-start=\"3251\" data-end=\"3262\">www.aepd.es.<\/a>  <\/p>\n<p data-start=\"3265\" data-end=\"3479\"><strong data-start=\"3265\" data-end=\"3295\">Pflege der Daten<\/strong> Der Benutzer verpflichtet sich, seine Daten auf dem neuesten Stand zu halten. Er haftet f\u00fcr Sch\u00e4den, die <strong data-start=\"3392\" data-end=\"3407\">Cibeles.net<\/strong> oder Dritten durch die Angabe falscher oder ungenauer Daten entstehen k\u00f6nnen. <\/p>\n<p data-start=\"3481\" data-end=\"3768\"><strong data-start=\"3481\" data-end=\"3507\">Datensicherheit<\/strong> <strong data-start=\"3510\" data-end=\"3525\">Cibeles.net<\/strong> hat technische und organisatorische Ma\u00dfnahmen ergriffen, um die Sicherheit der pers\u00f6nlichen Daten zu gew\u00e4hrleisten und Verlust, Missbrauch oder unberechtigten Zugriff zu verhindern. Der Benutzer erkennt jedoch an, dass das Internet keine absolute Sicherheit garantieren kann. <\/p>\n<p data-start=\"3770\" data-end=\"3972\"><strong data-start=\"3770\" data-end=\"3812\">G\u00fcltigkeit und \u00c4nderung der Police<\/strong> Diese Police ist ab dem Datum ihrer Ver\u00f6ffentlichung in Kraft. <strong data-start=\"3874\" data-end=\"3889\">Cibeles.net<\/strong> kann sie jederzeit \u00e4ndern, indem es dies auf der Website bekannt gibt.<\/p>\n\n<h4 data-start=\"3979\" data-end=\"4004\">2. COOKIE-POLITIK<\/h4>\n<p data-start=\"4006\" data-end=\"4181\">Ein Cookie ist eine Datei, die auf das Ger\u00e4t des Benutzers heruntergeladen wird, wenn dieser auf bestimmte Webseiten zugreift. Sie wird verwendet, um Informationen \u00fcber Ihr Surfverhalten zu speichern und abzurufen. <\/p>\n<p data-start=\"4183\" data-end=\"4230\"><strong data-start=\"4183\" data-end=\"4198\">Cibeles.net<\/strong> verwendet die folgenden Cookies:<\/p>\n\n<ul data-start=\"4232\" data-end=\"4579\">\n \t<li data-start=\"4232\" data-end=\"4388\">\n<p data-start=\"4234\" data-end=\"4388\"><strong data-start=\"4234\" data-end=\"4270\">Streng notwendige Cookies<\/strong>: f\u00fcr die Bereitstellung der angeforderten Dienste. Wenn sie deaktiviert sind, werden einige Inhalte m\u00f6glicherweise nicht korrekt angezeigt. <\/p>\n<\/li>\n \t<li data-start=\"4389\" data-end=\"4579\">\n<p data-start=\"4391\" data-end=\"4579\"><strong data-start=\"4391\" data-end=\"4429\">Analytische und Werbe-Cookies<\/strong>: Diese erm\u00f6glichen die statistische Analyse des Nutzerverhaltens und die Verwaltung von Werbefl\u00e4chen nach Profilen und Sehh\u00e4ufigkeit.<\/p>\n<\/li>\n<\/ul>\n<p data-start=\"4581\" data-end=\"4754\"><strong data-start=\"4581\" data-end=\"4588\">(*)<\/strong> Die durch Cookies erhaltenen Informationen werden nicht mit pers\u00f6nlichen Daten kombiniert. <strong data-start=\"4670\" data-end=\"4675\">(<\/strong>)** Der Benutzer kann Cookies \u00fcber seinen Browser verwalten oder deaktivieren:<\/p>\n\n<ul data-start=\"4755\" data-end=\"5210\">\n \t<li data-start=\"4755\" data-end=\"4847\">\n<p data-start=\"4757\" data-end=\"4847\">Chrom: <a href=\"https:\/\/support.google.com\/chrome\/bin\/answer.py?hl=es&amp;answer=95647\" target=\"_new\" rel=\"noopener\" data-start=\"4765\" data-end=\"4845\">Chrom-F\u00fchrer<\/a><\/p>\n<\/li>\n \t<li data-start=\"4848\" data-end=\"4960\">\n<p data-start=\"4850\" data-end=\"4960\">Firefox: <a href=\"http:\/\/support.mozilla.org\/es\/kb\/habilitar-y-deshabilitar-cookies-que-los-sitios-we\" target=\"_new\" rel=\"noopener\" data-start=\"4859\" data-end=\"4958\">Firefox Anleitung<\/a><\/p>\n<\/li>\n \t<li data-start=\"4961\" data-end=\"5074\">\n<p data-start=\"4963\" data-end=\"5074\">Explorer: <a href=\"http:\/\/windows.microsoft.com\/es-es\/windows7\/how-to-manage-cookies-in-internet-explorer-9\" target=\"_new\" rel=\"noopener\" data-start=\"4973\" data-end=\"5072\">IE-Leitfaden<\/a><\/p>\n<\/li>\n \t<li data-start=\"5075\" data-end=\"5210\">\n<p data-start=\"5077\" data-end=\"5210\">Safari: <a href=\"http:\/\/support.apple.com\/kb\/ph5042\" target=\"_new\" rel=\"noopener\" data-start=\"5085\" data-end=\"5134\">Safari Guide<\/a> Sie k\u00f6nnen auch Tools wie <a href=\"http:\/\/www.ghostery.com\" target=\"_new\" rel=\"noopener\" data-start=\"5174\" data-end=\"5209\">Ghostery<\/a> verwenden.<\/p>\n<\/li>\n<\/ul>\n<p data-start=\"5212\" data-end=\"5330\"><strong data-start=\"5212\" data-end=\"5227\">Cibeles.net<\/strong> ist nicht verantwortlich f\u00fcr den Inhalt oder die Richtigkeit der Datenschutzrichtlinien von Drittanbietern.<\/p>\n<p data-start=\"5332\" data-end=\"5459\"><strong data-start=\"5332\" data-end=\"5354\">Die Deaktivierung von Cookies<\/strong> kann das Funktionieren des Portals beeintr\u00e4chtigen. Wenn Sie Fragen haben, k\u00f6nnen Sie uns kontaktieren unter <strong data-start=\"5436\" data-end=\"5459\"><a rel=\"noopener\" data-start=\"5438\" data-end=\"5457\">soporte@cibeles.net<\/a><\/strong> <\/p>\t\t\t\t\t\t\t\t<\/div>\n\t\t\t\t<\/div>\n\t\t\t\t\t<\/div>\n\t\t\t\t<\/div>\n\t\t\t\t<\/div>\n\t\t","protected":false},"excerpt":{"rendered":"<p>Datenschutzbestimmungen 1. DATENSCHUTZRICHTLINIE F\u00dcR DAS INTERNET Identit\u00e4t des f\u00fcr die Verarbeitung Verantwortlichen CIBELES.NET (&#8222;File Controller&#8220;), mit B\u00fcros in: Madrid: Calle Fernando el Cat\u00f3lico 13 bis, B\u00fcro 5 Valencia: Calle Poeta Vicente Gaos 3, Bajo Telefon: +34 91 187 74 04 E-Mail: soporte@cibeles.net Website: www.cibeles.net In \u00dcbereinstimmung mit der Gesetzgebung zum Schutz personenbezogener Daten und anderen [&hellip;]<\/p>\n","protected":false},"author":1,"featured_media":0,"parent":0,"menu_order":0,"comment_status":"closed","ping_status":"closed","template":"elementor_header_footer","meta":{"_acf_changed":false,"site-sidebar-layout":"no-sidebar","site-content-layout":"page-builder","ast-site-content-layout":"full-width-container","site-content-style":"default","site-sidebar-style":"default","ast-global-header-display":"","ast-banner-title-visibility":"","ast-main-header-display":"","ast-hfb-above-header-display":"","ast-hfb-below-header-display":"","ast-hfb-mobile-header-display":"","site-post-title":"disabled","ast-breadcrumbs-content":"","ast-featured-img":"disabled","footer-sml-layout":"","ast-disable-related-posts":"","theme-transparent-header-meta":"default","adv-header-id-meta":"","stick-header-meta":"","header-above-stick-meta":"","header-main-stick-meta":"","header-below-stick-meta":"","astra-migrate-meta-layouts":"default","ast-page-background-enabled":"default","ast-page-background-meta":{"desktop":{"background-color":"var(--ast-global-color-4)","background-image":"","background-repeat":"repeat","background-position":"center center","background-size":"auto","background-attachment":"scroll","background-type":"","background-media":"","overlay-type":"","overlay-color":"","overlay-opacity":"","overlay-gradient":""},"tablet":{"background-color":"","background-image":"","background-repeat":"repeat","background-position":"center center","background-size":"auto","background-attachment":"scroll","background-type":"","background-media":"","overlay-type":"","overlay-color":"","overlay-opacity":"","overlay-gradient":""},"mobile":{"background-color":"","background-image":"","background-repeat":"repeat","background-position":"center center","background-size":"auto","background-attachment":"scroll","background-type":"","background-media":"","overlay-type":"","overlay-color":"","overlay-opacity":"","overlay-gradient":""}},"ast-content-background-meta":{"desktop":{"background-color":"var(--ast-global-color-5)","background-image":"","background-repeat":"repeat","background-position":"center center","background-size":"auto","background-attachment":"scroll","background-type":"","background-media":"","overlay-type":"","overlay-color":"","overlay-opacity":"","overlay-gradient":""},"tablet":{"background-color":"var(--ast-global-color-5)","background-image":"","background-repeat":"repeat","background-position":"center center","background-size":"auto","background-attachment":"scroll","background-type":"","background-media":"","overlay-type":"","overlay-color":"","overlay-opacity":"","overlay-gradient":""},"mobile":{"background-color":"var(--ast-global-color-5)","background-image":"","background-repeat":"repeat","background-position":"center center","background-size":"auto","background-attachment":"scroll","background-type":"","background-media":"","overlay-type":"","overlay-color":"","overlay-opacity":"","overlay-gradient":""}},"footnotes":""},"class_list":["post-9859","page","type-page","status-publish","hentry"],"acf":[],"yoast_head":"<!-- This site is optimized with the Yoast SEO plugin v27.3 - https:\/\/yoast.com\/product\/yoast-seo-wordpress\/ -->\n<title>Datenschutzbestimmungen - ai.cibeles.net<\/title>\n<meta name=\"robots\" content=\"index, follow, max-snippet:-1, max-image-preview:large, max-video-preview:-1\" \/>\n<link rel=\"canonical\" href=\"https:\/\/ai.cibeles.net\/de\/datenschutzbestimmungen\/\" \/>\n<meta property=\"og:locale\" content=\"de_DE\" \/>\n<meta property=\"og:type\" content=\"article\" \/>\n<meta property=\"og:title\" content=\"Datenschutzbestimmungen - ai.cibeles.net\" \/>\n<meta property=\"og:description\" content=\"Datenschutzbestimmungen 1. DATENSCHUTZRICHTLINIE F\u00dcR DAS INTERNET Identit\u00e4t des f\u00fcr die Verarbeitung Verantwortlichen CIBELES.NET (&#8222;File Controller&#8220;), mit B\u00fcros in: Madrid: Calle Fernando el Cat\u00f3lico 13 bis, B\u00fcro 5 Valencia: Calle Poeta Vicente Gaos 3, Bajo Telefon: +34 91 187 74 04 E-Mail: soporte@cibeles.net Website: www.cibeles.net In \u00dcbereinstimmung mit der Gesetzgebung zum Schutz personenbezogener Daten und anderen [&hellip;]\" \/>\n<meta property=\"og:url\" content=\"https:\/\/ai.cibeles.net\/de\/datenschutzbestimmungen\/\" \/>\n<meta property=\"og:site_name\" content=\"ai.cibeles.net\" \/>\n<meta property=\"article:publisher\" content=\"https:\/\/www.facebook.com\/CibelesGroup\" \/>\n<meta property=\"article:modified_time\" content=\"2025-04-16T11:10:38+00:00\" \/>\n<meta name=\"twitter:card\" content=\"summary_large_image\" \/>\n<meta name=\"twitter:site\" content=\"@cibelesnet\" \/>\n<meta name=\"twitter:label1\" content=\"Gesch\u00e4tzte Lesezeit\" \/>\n\t<meta name=\"twitter:data1\" content=\"4\u00a0Minuten\" \/>\n<script type=\"application\/ld+json\" class=\"yoast-schema-graph\">{\"@context\":\"https:\\\/\\\/schema.org\",\"@graph\":[{\"@type\":\"WebPage\",\"@id\":\"https:\\\/\\\/ai.cibeles.net\\\/de\\\/datenschutzbestimmungen\\\/\",\"url\":\"https:\\\/\\\/ai.cibeles.net\\\/de\\\/datenschutzbestimmungen\\\/\",\"name\":\"Datenschutzbestimmungen - ai.cibeles.net\",\"isPartOf\":{\"@id\":\"https:\\\/\\\/ai.cibeles.net\\\/de\\\/#website\"},\"datePublished\":\"2025-04-16T10:55:52+00:00\",\"dateModified\":\"2025-04-16T11:10:38+00:00\",\"breadcrumb\":{\"@id\":\"https:\\\/\\\/ai.cibeles.net\\\/de\\\/datenschutzbestimmungen\\\/#breadcrumb\"},\"inLanguage\":\"de\",\"potentialAction\":[{\"@type\":\"ReadAction\",\"target\":[\"https:\\\/\\\/ai.cibeles.net\\\/de\\\/datenschutzbestimmungen\\\/\"]}]},{\"@type\":\"BreadcrumbList\",\"@id\":\"https:\\\/\\\/ai.cibeles.net\\\/de\\\/datenschutzbestimmungen\\\/#breadcrumb\",\"itemListElement\":[{\"@type\":\"ListItem\",\"position\":1,\"name\":\"Portada\",\"item\":\"https:\\\/\\\/ai.cibeles.net\\\/de\\\/\"},{\"@type\":\"ListItem\",\"position\":2,\"name\":\"Datenschutzbestimmungen\"}]},{\"@type\":\"WebSite\",\"@id\":\"https:\\\/\\\/ai.cibeles.net\\\/de\\\/#website\",\"url\":\"https:\\\/\\\/ai.cibeles.net\\\/de\\\/\",\"name\":\"ai.cibeles.net\",\"description\":\"Inteligencia Artificial para redacci\u00f3n de Peri\u00f3dicos\",\"publisher\":{\"@id\":\"https:\\\/\\\/ai.cibeles.net\\\/de\\\/#organization\"},\"potentialAction\":[{\"@type\":\"SearchAction\",\"target\":{\"@type\":\"EntryPoint\",\"urlTemplate\":\"https:\\\/\\\/ai.cibeles.net\\\/de\\\/?s={search_term_string}\"},\"query-input\":{\"@type\":\"PropertyValueSpecification\",\"valueRequired\":true,\"valueName\":\"search_term_string\"}}],\"inLanguage\":\"de\"},{\"@type\":[\"Organization\",\"NewsMediaOrganization\"],\"@id\":\"https:\\\/\\\/ai.cibeles.net\\\/de\\\/#organization\",\"name\":\"Cibeles Group\",\"url\":\"https:\\\/\\\/ai.cibeles.net\\\/de\\\/\",\"logo\":{\"@type\":\"ImageObject\",\"inLanguage\":\"de\",\"@id\":\"https:\\\/\\\/ai.cibeles.net\\\/de\\\/#\\\/schema\\\/logo\\\/image\\\/\",\"url\":\"https:\\\/\\\/ai.cibeles.net\\\/wp-content\\\/uploads\\\/2023\\\/03\\\/Sin-titulo.png\",\"contentUrl\":\"https:\\\/\\\/ai.cibeles.net\\\/wp-content\\\/uploads\\\/2023\\\/03\\\/Sin-titulo.png\",\"width\":336,\"height\":188,\"caption\":\"Cibeles Group\"},\"image\":{\"@id\":\"https:\\\/\\\/ai.cibeles.net\\\/de\\\/#\\\/schema\\\/logo\\\/image\\\/\"},\"sameAs\":[\"https:\\\/\\\/www.facebook.com\\\/CibelesGroup\",\"https:\\\/\\\/x.com\\\/cibelesnet\"]},{\"@type\":\"SiteNavigationElement\",\"@id\":\"https:\\\/\\\/ai.cibeles.net\\\/de\\\/#site-navigation\",\"cssSelector\":[\".cib-main-menu\"]},{\"@type\":\"WPHeader\",\"@id\":\"https:\\\/\\\/ai.cibeles.net\\\/de\\\/#header\",\"cssSelector\":[\".cib-header\"]},{\"@type\":\"WPFooter\",\"@id\":\"https:\\\/\\\/ai.cibeles.net\\\/de\\\/#footer\",\"cssSelector\":[\".cib-footer\"]}]}<\/script>\n<!-- \/ Yoast SEO plugin. -->","yoast_head_json":{"title":"Datenschutzbestimmungen - ai.cibeles.net","robots":{"index":"index","follow":"follow","max-snippet":"max-snippet:-1","max-image-preview":"max-image-preview:large","max-video-preview":"max-video-preview:-1"},"canonical":"https:\/\/ai.cibeles.net\/de\/datenschutzbestimmungen\/","og_locale":"de_DE","og_type":"article","og_title":"Datenschutzbestimmungen - ai.cibeles.net","og_description":"Datenschutzbestimmungen 1. DATENSCHUTZRICHTLINIE F\u00dcR DAS INTERNET Identit\u00e4t des f\u00fcr die Verarbeitung Verantwortlichen CIBELES.NET (&#8222;File Controller&#8220;), mit B\u00fcros in: Madrid: Calle Fernando el Cat\u00f3lico 13 bis, B\u00fcro 5 Valencia: Calle Poeta Vicente Gaos 3, Bajo Telefon: +34 91 187 74 04 E-Mail: soporte@cibeles.net Website: www.cibeles.net In \u00dcbereinstimmung mit der Gesetzgebung zum Schutz personenbezogener Daten und anderen [&hellip;]","og_url":"https:\/\/ai.cibeles.net\/de\/datenschutzbestimmungen\/","og_site_name":"ai.cibeles.net","article_publisher":"https:\/\/www.facebook.com\/CibelesGroup","article_modified_time":"2025-04-16T11:10:38+00:00","twitter_card":"summary_large_image","twitter_site":"@cibelesnet","twitter_misc":{"Gesch\u00e4tzte Lesezeit":"4\u00a0Minuten"},"schema":{"@context":"https:\/\/schema.org","@graph":[{"@type":"WebPage","@id":"https:\/\/ai.cibeles.net\/de\/datenschutzbestimmungen\/","url":"https:\/\/ai.cibeles.net\/de\/datenschutzbestimmungen\/","name":"Datenschutzbestimmungen - ai.cibeles.net","isPartOf":{"@id":"https:\/\/ai.cibeles.net\/de\/#website"},"datePublished":"2025-04-16T10:55:52+00:00","dateModified":"2025-04-16T11:10:38+00:00","breadcrumb":{"@id":"https:\/\/ai.cibeles.net\/de\/datenschutzbestimmungen\/#breadcrumb"},"inLanguage":"de","potentialAction":[{"@type":"ReadAction","target":["https:\/\/ai.cibeles.net\/de\/datenschutzbestimmungen\/"]}]},{"@type":"BreadcrumbList","@id":"https:\/\/ai.cibeles.net\/de\/datenschutzbestimmungen\/#breadcrumb","itemListElement":[{"@type":"ListItem","position":1,"name":"Portada","item":"https:\/\/ai.cibeles.net\/de\/"},{"@type":"ListItem","position":2,"name":"Datenschutzbestimmungen"}]},{"@type":"WebSite","@id":"https:\/\/ai.cibeles.net\/de\/#website","url":"https:\/\/ai.cibeles.net\/de\/","name":"ai.cibeles.net","description":"Inteligencia Artificial para redacci\u00f3n de Peri\u00f3dicos","publisher":{"@id":"https:\/\/ai.cibeles.net\/de\/#organization"},"potentialAction":[{"@type":"SearchAction","target":{"@type":"EntryPoint","urlTemplate":"https:\/\/ai.cibeles.net\/de\/?s={search_term_string}"},"query-input":{"@type":"PropertyValueSpecification","valueRequired":true,"valueName":"search_term_string"}}],"inLanguage":"de"},{"@type":["Organization","NewsMediaOrganization"],"@id":"https:\/\/ai.cibeles.net\/de\/#organization","name":"Cibeles Group","url":"https:\/\/ai.cibeles.net\/de\/","logo":{"@type":"ImageObject","inLanguage":"de","@id":"https:\/\/ai.cibeles.net\/de\/#\/schema\/logo\/image\/","url":"https:\/\/ai.cibeles.net\/wp-content\/uploads\/2023\/03\/Sin-titulo.png","contentUrl":"https:\/\/ai.cibeles.net\/wp-content\/uploads\/2023\/03\/Sin-titulo.png","width":336,"height":188,"caption":"Cibeles Group"},"image":{"@id":"https:\/\/ai.cibeles.net\/de\/#\/schema\/logo\/image\/"},"sameAs":["https:\/\/www.facebook.com\/CibelesGroup","https:\/\/x.com\/cibelesnet"]},{"@type":"SiteNavigationElement","@id":"https:\/\/ai.cibeles.net\/de\/#site-navigation","cssSelector":[".cib-main-menu"]},{"@type":"WPHeader","@id":"https:\/\/ai.cibeles.net\/de\/#header","cssSelector":[".cib-header"]},{"@type":"WPFooter","@id":"https:\/\/ai.cibeles.net\/de\/#footer","cssSelector":[".cib-footer"]}]}},"_links":{"self":[{"href":"https:\/\/ai.cibeles.net\/de\/wp-json\/wp\/v2\/pages\/9859","targetHints":{"allow":["GET"]}}],"collection":[{"href":"https:\/\/ai.cibeles.net\/de\/wp-json\/wp\/v2\/pages"}],"about":[{"href":"https:\/\/ai.cibeles.net\/de\/wp-json\/wp\/v2\/types\/page"}],"author":[{"embeddable":true,"href":"https:\/\/ai.cibeles.net\/de\/wp-json\/wp\/v2\/users\/1"}],"replies":[{"embeddable":true,"href":"https:\/\/ai.cibeles.net\/de\/wp-json\/wp\/v2\/comments?post=9859"}],"version-history":[{"count":1,"href":"https:\/\/ai.cibeles.net\/de\/wp-json\/wp\/v2\/pages\/9859\/revisions"}],"predecessor-version":[{"id":9861,"href":"https:\/\/ai.cibeles.net\/de\/wp-json\/wp\/v2\/pages\/9859\/revisions\/9861"}],"wp:attachment":[{"href":"https:\/\/ai.cibeles.net\/de\/wp-json\/wp\/v2\/media?parent=9859"}],"curies":[{"name":"wp","href":"https:\/\/api.w.org\/{rel}","templated":true}]}}