{"id":723,"date":"2023-01-25T15:18:07","date_gmt":"2023-01-25T15:18:07","guid":{"rendered":"https:\/\/ai.cibeles.net\/?page_id=723"},"modified":"2023-06-02T14:35:48","modified_gmt":"2023-06-02T14:35:48","slug":"wer-wir-sind","status":"publish","type":"page","link":"https:\/\/ai.cibeles.net\/de\/wer-wir-sind\/","title":{"rendered":"Wer wir sind"},"content":{"rendered":"\t\t<div data-elementor-type=\"wp-page\" data-elementor-id=\"723\" class=\"elementor elementor-723 elementor-406\" data-elementor-post-type=\"page\">\n\t\t\t\t\t\t<section class=\"elementor-section elementor-top-section elementor-element elementor-element-7a0d7716 elementor-section-content-middle elementor-section-boxed elementor-section-height-default elementor-section-height-default\" data-id=\"7a0d7716\" data-element_type=\"section\" data-e-type=\"section\">\n\t\t\t\t\t\t<div class=\"elementor-container elementor-column-gap-no\">\n\t\t\t\t\t<div class=\"elementor-column elementor-col-100 elementor-top-column elementor-element elementor-element-1caf8e07\" data-id=\"1caf8e07\" data-element_type=\"column\" data-e-type=\"column\">\n\t\t\t<div class=\"elementor-widget-wrap elementor-element-populated\">\n\t\t\t\t\t\t<div class=\"elementor-element elementor-element-48a3228f elementor-widget elementor-widget-heading\" data-id=\"48a3228f\" data-element_type=\"widget\" data-e-type=\"widget\" data-widget_type=\"heading.default\">\n\t\t\t\t<div class=\"elementor-widget-container\">\n\t\t\t\t\t<h4 class=\"elementor-heading-title elementor-size-default\">Wer wir sind<\/h4>\t\t\t\t<\/div>\n\t\t\t\t<\/div>\n\t\t\t\t<div class=\"elementor-element elementor-element-311244dc elementor-widget elementor-widget-text-editor\" data-id=\"311244dc\" data-element_type=\"widget\" data-e-type=\"widget\" data-widget_type=\"text-editor.default\">\n\t\t\t\t<div class=\"elementor-widget-container\">\n\t\t\t\t\t\t\t\t\t<p>CibelesGroup wurde im Jahr 2000 in Madrid (Spanien) als technologischer Verb\u00fcndeter von Verlagsgruppen gegr\u00fcndet und bietet ihnen auf ihre Bed\u00fcrfnisse zugeschnittene Content-Management-Systeme. Im Jahr 2008 er\u00f6ffneten wir B\u00fcros in Miami (USA) und Mendoza (Argentinien). Der amerikanische Standort bietet uns Zuverl\u00e4ssigkeit und Reichweite, w\u00e4hrend der argentinische Standort uns Wettbewerbsf\u00e4higkeit und Skalierbarkeit bietet.<\/p>\n<p>Heute betrachten wir uns als ein f\u00fchrendes Unternehmen in diesem Sektor, das sowohl im technologischen Umfeld als auch in Bezug auf die Bed\u00fcrfnisse unserer Kunden sehr erfahren ist und in der Lage ist, \u00e4u\u00dferst wettbewerbsf\u00e4hige L\u00f6sungen anzubieten, da wir ein  <em>wissen, wie<\/em>  Das hohe Wachstum ist darauf zur\u00fcckzuf\u00fchren, dass es eine komfortable Infrastruktur gibt, die unser Wachstum erm\u00f6glicht.<\/p>\t\t\t\t\t\t\t\t<\/div>\n\t\t\t\t<\/div>\n\t\t\t\t<div class=\"elementor-element elementor-element-e834d30 elementor-widget__width-auto elementor-widget elementor-widget-image\" data-id=\"e834d30\" data-element_type=\"widget\" data-e-type=\"widget\" data-widget_type=\"image.default\">\n\t\t\t\t<div class=\"elementor-widget-container\">\n\t\t\t\t\t\t\t\t\t\t\t\t\t\t\t\t<a href=\"https:\/\/www.cibeles.net\/\" target=\"_blank\">\n\t\t\t\t\t\t\t<img fetchpriority=\"high\" decoding=\"async\" width=\"768\" height=\"165\" src=\"https:\/\/ai.cibeles.net\/wp-content\/uploads\/2023\/01\/logo-cibeles-768x165.png\" class=\"attachment-medium_large size-medium_large wp-image-687\" alt=\"\" srcset=\"https:\/\/ai.cibeles.net\/wp-content\/uploads\/2023\/01\/logo-cibeles-768x165.png 768w, https:\/\/ai.cibeles.net\/wp-content\/uploads\/2023\/01\/logo-cibeles-600x129.png 600w, https:\/\/ai.cibeles.net\/wp-content\/uploads\/2023\/01\/logo-cibeles-300x65.png 300w, https:\/\/ai.cibeles.net\/wp-content\/uploads\/2023\/01\/logo-cibeles.png 800w\" sizes=\"(max-width: 768px) 100vw, 768px\" \/>\t\t\t\t\t\t\t\t<\/a>\n\t\t\t\t\t\t\t\t\t\t\t\t\t\t\t<\/div>\n\t\t\t\t<\/div>\n\t\t\t\t<div class=\"elementor-element elementor-element-6944ea6 elementor-widget__width-auto elementor-widget elementor-widget-image\" data-id=\"6944ea6\" data-element_type=\"widget\" data-e-type=\"widget\" data-widget_type=\"image.default\">\n\t\t\t\t<div class=\"elementor-widget-container\">\n\t\t\t\t\t\t\t\t\t\t\t\t\t\t\t<img decoding=\"async\" width=\"746\" height=\"180\" src=\"https:\/\/ai.cibeles.net\/wp-content\/uploads\/2023\/01\/ai-cibeles.png\" class=\"attachment-medium_large size-medium_large wp-image-639\" alt=\"\" srcset=\"https:\/\/ai.cibeles.net\/wp-content\/uploads\/2023\/01\/ai-cibeles.png 746w, https:\/\/ai.cibeles.net\/wp-content\/uploads\/2023\/01\/ai-cibeles-600x145.png 600w, https:\/\/ai.cibeles.net\/wp-content\/uploads\/2023\/01\/ai-cibeles-300x72.png 300w\" sizes=\"(max-width: 746px) 100vw, 746px\" \/>\t\t\t\t\t\t\t\t\t\t\t\t\t\t\t<\/div>\n\t\t\t\t<\/div>\n\t\t\t\t<section class=\"elementor-section elementor-inner-section elementor-element elementor-element-4f5ef527 elementor-section-content-middle elementor-section-boxed elementor-section-height-default elementor-section-height-default\" data-id=\"4f5ef527\" data-element_type=\"section\" data-e-type=\"section\">\n\t\t\t\t\t\t<div class=\"elementor-container elementor-column-gap-no\">\n\t\t\t\t\t<div class=\"elementor-column elementor-col-100 elementor-inner-column elementor-element elementor-element-2580d1d1\" data-id=\"2580d1d1\" data-element_type=\"column\" data-e-type=\"column\">\n\t\t\t<div class=\"elementor-widget-wrap elementor-element-populated\">\n\t\t\t\t\t\t<div class=\"elementor-element elementor-element-2f23861 elementor-widget-divider--view-line elementor-widget elementor-widget-divider\" data-id=\"2f23861\" data-element_type=\"widget\" data-e-type=\"widget\" data-widget_type=\"divider.default\">\n\t\t\t\t<div class=\"elementor-widget-container\">\n\t\t\t\t\t\t\t<div class=\"elementor-divider\">\n\t\t\t<span class=\"elementor-divider-separator\">\n\t\t\t\t\t\t<\/span>\n\t\t<\/div>\n\t\t\t\t\t\t<\/div>\n\t\t\t\t<\/div>\n\t\t\t\t\t<\/div>\n\t\t<\/div>\n\t\t\t\t\t<\/div>\n\t\t<\/section>\n\t\t\t\t\t<\/div>\n\t\t<\/div>\n\t\t\t\t\t<\/div>\n\t\t<\/section>\n\t\t\t\t<\/div>\n\t\t","protected":false},"excerpt":{"rendered":"<p>Wer wir sind CibelesGroup wurde im Jahr 2000 in Madrid (Spanien) als technologischer Verb\u00fcndeter von Verlagsgruppen gegr\u00fcndet und bietet ihnen auf ihre Bed\u00fcrfnisse zugeschnittene Content-Management-Systeme. Im Jahr 2008 er\u00f6ffneten wir B\u00fcros in Miami (USA) und Mendoza (Argentinien). Der amerikanische Standort bietet uns Zuverl\u00e4ssigkeit und Reichweite, w\u00e4hrend der argentinische Standort uns Wettbewerbsf\u00e4higkeit und Skalierbarkeit bietet. Heute [&hellip;]<\/p>\n","protected":false},"author":1,"featured_media":0,"parent":0,"menu_order":0,"comment_status":"closed","ping_status":"closed","template":"elementor_header_footer","meta":{"_acf_changed":false,"site-sidebar-layout":"no-sidebar","site-content-layout":"page-builder","ast-site-content-layout":"default","site-content-style":"default","site-sidebar-style":"default","ast-global-header-display":"","ast-banner-title-visibility":"","ast-main-header-display":"","ast-hfb-above-header-display":"","ast-hfb-below-header-display":"","ast-hfb-mobile-header-display":"","site-post-title":"disabled","ast-breadcrumbs-content":"","ast-featured-img":"disabled","footer-sml-layout":"","ast-disable-related-posts":"","theme-transparent-header-meta":"default","adv-header-id-meta":"","stick-header-meta":"","header-above-stick-meta":"","header-main-stick-meta":"","header-below-stick-meta":"","astra-migrate-meta-layouts":"default","ast-page-background-enabled":"default","ast-page-background-meta":{"desktop":{"background-color":"var(--ast-global-color-4)","background-image":"","background-repeat":"repeat","background-position":"center center","background-size":"auto","background-attachment":"scroll","background-type":"","background-media":"","overlay-type":"","overlay-color":"","overlay-opacity":"","overlay-gradient":""},"tablet":{"background-color":"","background-image":"","background-repeat":"repeat","background-position":"center center","background-size":"auto","background-attachment":"scroll","background-type":"","background-media":"","overlay-type":"","overlay-color":"","overlay-opacity":"","overlay-gradient":""},"mobile":{"background-color":"","background-image":"","background-repeat":"repeat","background-position":"center center","background-size":"auto","background-attachment":"scroll","background-type":"","background-media":"","overlay-type":"","overlay-color":"","overlay-opacity":"","overlay-gradient":""}},"ast-content-background-meta":{"desktop":{"background-color":"var(--ast-global-color-5)","background-image":"","background-repeat":"repeat","background-position":"center center","background-size":"auto","background-attachment":"scroll","background-type":"","background-media":"","overlay-type":"","overlay-color":"","overlay-opacity":"","overlay-gradient":""},"tablet":{"background-color":"var(--ast-global-color-5)","background-image":"","background-repeat":"repeat","background-position":"center center","background-size":"auto","background-attachment":"scroll","background-type":"","background-media":"","overlay-type":"","overlay-color":"","overlay-opacity":"","overlay-gradient":""},"mobile":{"background-color":"var(--ast-global-color-5)","background-image":"","background-repeat":"repeat","background-position":"center center","background-size":"auto","background-attachment":"scroll","background-type":"","background-media":"","overlay-type":"","overlay-color":"","overlay-opacity":"","overlay-gradient":""}},"footnotes":""},"class_list":["post-723","page","type-page","status-publish","hentry"],"acf":[],"yoast_head":"<!-- This site is optimized with the Yoast SEO plugin v27.3 - https:\/\/yoast.com\/product\/yoast-seo-wordpress\/ -->\n<title>Wer wir sind - ai.cibeles.net<\/title>\n<meta name=\"robots\" content=\"index, follow, max-snippet:-1, max-image-preview:large, max-video-preview:-1\" \/>\n<link rel=\"canonical\" href=\"https:\/\/ai.cibeles.net\/de\/wer-wir-sind\/\" \/>\n<meta property=\"og:locale\" content=\"de_DE\" \/>\n<meta property=\"og:type\" content=\"article\" \/>\n<meta property=\"og:title\" content=\"Wer wir sind - ai.cibeles.net\" \/>\n<meta property=\"og:description\" content=\"Wer wir sind CibelesGroup wurde im Jahr 2000 in Madrid (Spanien) als technologischer Verb\u00fcndeter von Verlagsgruppen gegr\u00fcndet und bietet ihnen auf ihre Bed\u00fcrfnisse zugeschnittene Content-Management-Systeme. Im Jahr 2008 er\u00f6ffneten wir B\u00fcros in Miami (USA) und Mendoza (Argentinien). Der amerikanische Standort bietet uns Zuverl\u00e4ssigkeit und Reichweite, w\u00e4hrend der argentinische Standort uns Wettbewerbsf\u00e4higkeit und Skalierbarkeit bietet. Heute [&hellip;]\" \/>\n<meta property=\"og:url\" content=\"https:\/\/ai.cibeles.net\/de\/wer-wir-sind\/\" \/>\n<meta property=\"og:site_name\" content=\"ai.cibeles.net\" \/>\n<meta property=\"article:publisher\" content=\"https:\/\/www.facebook.com\/CibelesGroup\" \/>\n<meta property=\"article:modified_time\" content=\"2023-06-02T14:35:48+00:00\" \/>\n<meta property=\"og:image\" content=\"https:\/\/ai.cibeles.net\/wp-content\/uploads\/2023\/01\/logo-cibeles-768x165.png\" \/>\n<meta name=\"twitter:card\" content=\"summary_large_image\" \/>\n<meta name=\"twitter:site\" content=\"@cibelesnet\" \/>\n<meta name=\"twitter:label1\" content=\"Gesch\u00e4tzte Lesezeit\" \/>\n\t<meta name=\"twitter:data1\" content=\"1\u00a0Minute\" \/>\n<script type=\"application\/ld+json\" class=\"yoast-schema-graph\">{\"@context\":\"https:\\\/\\\/schema.org\",\"@graph\":[{\"@type\":\"WebPage\",\"@id\":\"https:\\\/\\\/ai.cibeles.net\\\/de\\\/wer-wir-sind\\\/\",\"url\":\"https:\\\/\\\/ai.cibeles.net\\\/de\\\/wer-wir-sind\\\/\",\"name\":\"Wer wir sind - ai.cibeles.net\",\"isPartOf\":{\"@id\":\"https:\\\/\\\/ai.cibeles.net\\\/de\\\/#website\"},\"primaryImageOfPage\":{\"@id\":\"https:\\\/\\\/ai.cibeles.net\\\/de\\\/wer-wir-sind\\\/#primaryimage\"},\"image\":{\"@id\":\"https:\\\/\\\/ai.cibeles.net\\\/de\\\/wer-wir-sind\\\/#primaryimage\"},\"thumbnailUrl\":\"https:\\\/\\\/ai.cibeles.net\\\/wp-content\\\/uploads\\\/2023\\\/01\\\/logo-cibeles-768x165.png\",\"datePublished\":\"2023-01-25T15:18:07+00:00\",\"dateModified\":\"2023-06-02T14:35:48+00:00\",\"breadcrumb\":{\"@id\":\"https:\\\/\\\/ai.cibeles.net\\\/de\\\/wer-wir-sind\\\/#breadcrumb\"},\"inLanguage\":\"de\",\"potentialAction\":[{\"@type\":\"ReadAction\",\"target\":[\"https:\\\/\\\/ai.cibeles.net\\\/de\\\/wer-wir-sind\\\/\"]}]},{\"@type\":\"ImageObject\",\"inLanguage\":\"de\",\"@id\":\"https:\\\/\\\/ai.cibeles.net\\\/de\\\/wer-wir-sind\\\/#primaryimage\",\"url\":\"https:\\\/\\\/ai.cibeles.net\\\/wp-content\\\/uploads\\\/2023\\\/01\\\/logo-cibeles-768x165.png\",\"contentUrl\":\"https:\\\/\\\/ai.cibeles.net\\\/wp-content\\\/uploads\\\/2023\\\/01\\\/logo-cibeles-768x165.png\"},{\"@type\":\"BreadcrumbList\",\"@id\":\"https:\\\/\\\/ai.cibeles.net\\\/de\\\/wer-wir-sind\\\/#breadcrumb\",\"itemListElement\":[{\"@type\":\"ListItem\",\"position\":1,\"name\":\"Portada\",\"item\":\"https:\\\/\\\/ai.cibeles.net\\\/de\\\/\"},{\"@type\":\"ListItem\",\"position\":2,\"name\":\"Wer wir sind\"}]},{\"@type\":\"WebSite\",\"@id\":\"https:\\\/\\\/ai.cibeles.net\\\/de\\\/#website\",\"url\":\"https:\\\/\\\/ai.cibeles.net\\\/de\\\/\",\"name\":\"ai.cibeles.net\",\"description\":\"Inteligencia Artificial para redacci\u00f3n de Peri\u00f3dicos\",\"publisher\":{\"@id\":\"https:\\\/\\\/ai.cibeles.net\\\/de\\\/#organization\"},\"potentialAction\":[{\"@type\":\"SearchAction\",\"target\":{\"@type\":\"EntryPoint\",\"urlTemplate\":\"https:\\\/\\\/ai.cibeles.net\\\/de\\\/?s={search_term_string}\"},\"query-input\":{\"@type\":\"PropertyValueSpecification\",\"valueRequired\":true,\"valueName\":\"search_term_string\"}}],\"inLanguage\":\"de\"},{\"@type\":[\"Organization\",\"NewsMediaOrganization\"],\"@id\":\"https:\\\/\\\/ai.cibeles.net\\\/de\\\/#organization\",\"name\":\"Cibeles Group\",\"url\":\"https:\\\/\\\/ai.cibeles.net\\\/de\\\/\",\"logo\":{\"@type\":\"ImageObject\",\"inLanguage\":\"de\",\"@id\":\"https:\\\/\\\/ai.cibeles.net\\\/de\\\/#\\\/schema\\\/logo\\\/image\\\/\",\"url\":\"https:\\\/\\\/ai.cibeles.net\\\/wp-content\\\/uploads\\\/2023\\\/03\\\/Sin-titulo.png\",\"contentUrl\":\"https:\\\/\\\/ai.cibeles.net\\\/wp-content\\\/uploads\\\/2023\\\/03\\\/Sin-titulo.png\",\"width\":336,\"height\":188,\"caption\":\"Cibeles Group\"},\"image\":{\"@id\":\"https:\\\/\\\/ai.cibeles.net\\\/de\\\/#\\\/schema\\\/logo\\\/image\\\/\"},\"sameAs\":[\"https:\\\/\\\/www.facebook.com\\\/CibelesGroup\",\"https:\\\/\\\/x.com\\\/cibelesnet\"]},{\"@type\":\"SiteNavigationElement\",\"@id\":\"https:\\\/\\\/ai.cibeles.net\\\/de\\\/#site-navigation\",\"cssSelector\":[\".cib-main-menu\"]},{\"@type\":\"WPHeader\",\"@id\":\"https:\\\/\\\/ai.cibeles.net\\\/de\\\/#header\",\"cssSelector\":[\".cib-header\"]},{\"@type\":\"WPFooter\",\"@id\":\"https:\\\/\\\/ai.cibeles.net\\\/de\\\/#footer\",\"cssSelector\":[\".cib-footer\"]}]}<\/script>\n<!-- \/ Yoast SEO plugin. -->","yoast_head_json":{"title":"Wer wir sind - ai.cibeles.net","robots":{"index":"index","follow":"follow","max-snippet":"max-snippet:-1","max-image-preview":"max-image-preview:large","max-video-preview":"max-video-preview:-1"},"canonical":"https:\/\/ai.cibeles.net\/de\/wer-wir-sind\/","og_locale":"de_DE","og_type":"article","og_title":"Wer wir sind - ai.cibeles.net","og_description":"Wer wir sind CibelesGroup wurde im Jahr 2000 in Madrid (Spanien) als technologischer Verb\u00fcndeter von Verlagsgruppen gegr\u00fcndet und bietet ihnen auf ihre Bed\u00fcrfnisse zugeschnittene Content-Management-Systeme. Im Jahr 2008 er\u00f6ffneten wir B\u00fcros in Miami (USA) und Mendoza (Argentinien). Der amerikanische Standort bietet uns Zuverl\u00e4ssigkeit und Reichweite, w\u00e4hrend der argentinische Standort uns Wettbewerbsf\u00e4higkeit und Skalierbarkeit bietet. Heute [&hellip;]","og_url":"https:\/\/ai.cibeles.net\/de\/wer-wir-sind\/","og_site_name":"ai.cibeles.net","article_publisher":"https:\/\/www.facebook.com\/CibelesGroup","article_modified_time":"2023-06-02T14:35:48+00:00","og_image":[{"url":"https:\/\/ai.cibeles.net\/wp-content\/uploads\/2023\/01\/logo-cibeles-768x165.png","type":"","width":"","height":""}],"twitter_card":"summary_large_image","twitter_site":"@cibelesnet","twitter_misc":{"Gesch\u00e4tzte Lesezeit":"1\u00a0Minute"},"schema":{"@context":"https:\/\/schema.org","@graph":[{"@type":"WebPage","@id":"https:\/\/ai.cibeles.net\/de\/wer-wir-sind\/","url":"https:\/\/ai.cibeles.net\/de\/wer-wir-sind\/","name":"Wer wir sind - ai.cibeles.net","isPartOf":{"@id":"https:\/\/ai.cibeles.net\/de\/#website"},"primaryImageOfPage":{"@id":"https:\/\/ai.cibeles.net\/de\/wer-wir-sind\/#primaryimage"},"image":{"@id":"https:\/\/ai.cibeles.net\/de\/wer-wir-sind\/#primaryimage"},"thumbnailUrl":"https:\/\/ai.cibeles.net\/wp-content\/uploads\/2023\/01\/logo-cibeles-768x165.png","datePublished":"2023-01-25T15:18:07+00:00","dateModified":"2023-06-02T14:35:48+00:00","breadcrumb":{"@id":"https:\/\/ai.cibeles.net\/de\/wer-wir-sind\/#breadcrumb"},"inLanguage":"de","potentialAction":[{"@type":"ReadAction","target":["https:\/\/ai.cibeles.net\/de\/wer-wir-sind\/"]}]},{"@type":"ImageObject","inLanguage":"de","@id":"https:\/\/ai.cibeles.net\/de\/wer-wir-sind\/#primaryimage","url":"https:\/\/ai.cibeles.net\/wp-content\/uploads\/2023\/01\/logo-cibeles-768x165.png","contentUrl":"https:\/\/ai.cibeles.net\/wp-content\/uploads\/2023\/01\/logo-cibeles-768x165.png"},{"@type":"BreadcrumbList","@id":"https:\/\/ai.cibeles.net\/de\/wer-wir-sind\/#breadcrumb","itemListElement":[{"@type":"ListItem","position":1,"name":"Portada","item":"https:\/\/ai.cibeles.net\/de\/"},{"@type":"ListItem","position":2,"name":"Wer wir sind"}]},{"@type":"WebSite","@id":"https:\/\/ai.cibeles.net\/de\/#website","url":"https:\/\/ai.cibeles.net\/de\/","name":"ai.cibeles.net","description":"Inteligencia Artificial para redacci\u00f3n de Peri\u00f3dicos","publisher":{"@id":"https:\/\/ai.cibeles.net\/de\/#organization"},"potentialAction":[{"@type":"SearchAction","target":{"@type":"EntryPoint","urlTemplate":"https:\/\/ai.cibeles.net\/de\/?s={search_term_string}"},"query-input":{"@type":"PropertyValueSpecification","valueRequired":true,"valueName":"search_term_string"}}],"inLanguage":"de"},{"@type":["Organization","NewsMediaOrganization"],"@id":"https:\/\/ai.cibeles.net\/de\/#organization","name":"Cibeles Group","url":"https:\/\/ai.cibeles.net\/de\/","logo":{"@type":"ImageObject","inLanguage":"de","@id":"https:\/\/ai.cibeles.net\/de\/#\/schema\/logo\/image\/","url":"https:\/\/ai.cibeles.net\/wp-content\/uploads\/2023\/03\/Sin-titulo.png","contentUrl":"https:\/\/ai.cibeles.net\/wp-content\/uploads\/2023\/03\/Sin-titulo.png","width":336,"height":188,"caption":"Cibeles Group"},"image":{"@id":"https:\/\/ai.cibeles.net\/de\/#\/schema\/logo\/image\/"},"sameAs":["https:\/\/www.facebook.com\/CibelesGroup","https:\/\/x.com\/cibelesnet"]},{"@type":"SiteNavigationElement","@id":"https:\/\/ai.cibeles.net\/de\/#site-navigation","cssSelector":[".cib-main-menu"]},{"@type":"WPHeader","@id":"https:\/\/ai.cibeles.net\/de\/#header","cssSelector":[".cib-header"]},{"@type":"WPFooter","@id":"https:\/\/ai.cibeles.net\/de\/#footer","cssSelector":[".cib-footer"]}]}},"_links":{"self":[{"href":"https:\/\/ai.cibeles.net\/de\/wp-json\/wp\/v2\/pages\/723","targetHints":{"allow":["GET"]}}],"collection":[{"href":"https:\/\/ai.cibeles.net\/de\/wp-json\/wp\/v2\/pages"}],"about":[{"href":"https:\/\/ai.cibeles.net\/de\/wp-json\/wp\/v2\/types\/page"}],"author":[{"embeddable":true,"href":"https:\/\/ai.cibeles.net\/de\/wp-json\/wp\/v2\/users\/1"}],"replies":[{"embeddable":true,"href":"https:\/\/ai.cibeles.net\/de\/wp-json\/wp\/v2\/comments?post=723"}],"version-history":[{"count":1,"href":"https:\/\/ai.cibeles.net\/de\/wp-json\/wp\/v2\/pages\/723\/revisions"}],"predecessor-version":[{"id":3221,"href":"https:\/\/ai.cibeles.net\/de\/wp-json\/wp\/v2\/pages\/723\/revisions\/3221"}],"wp:attachment":[{"href":"https:\/\/ai.cibeles.net\/de\/wp-json\/wp\/v2\/media?parent=723"}],"curies":[{"name":"wp","href":"https:\/\/api.w.org\/{rel}","templated":true}]}}